{"id":2994,"date":"2024-11-19T08:45:46","date_gmt":"2024-11-19T08:45:46","guid":{"rendered":"https:\/\/arensburgantiik.ee\/?post_type=product&#038;p=2994"},"modified":"2025-04-09T09:23:57","modified_gmt":"2025-04-09T07:23:57","slug":"antique-art-nouveau-blue-glass-hanging-candle-lantern19thc","status":"publish","type":"product","link":"https:\/\/arensburgantiik.ee\/et\/item\/antique-art-nouveau-blue-glass-hanging-candle-lantern19thc\/","title":{"rendered":"Juugendstiilis reguleeritava k\u00f5rgusega k\u00fc\u00fcnlalatern,19 saj."},"content":{"rendered":"<p>Antique Art Nouveau blue glass hanging candle lantern, 19thC<br \/>\nLambi k\u00f5rgus 73 cm.Kupli l\u00e4bim\u00f5\u00f5t 20 cm<\/p>","protected":false},"excerpt":{"rendered":"<p>Antique Art Nouveau blue glass hanging candle lantern, 19thC Height of the lantern 73 cm.Diam. of the glass shade 20 cm<\/p>","protected":false},"featured_media":4907,"template":"","meta":[],"product_brand":[],"product_cat":[56,113,172,114,161,37],"product_tag":[],"class_list":{"0":"post-2994","1":"product","2":"type-product","3":"status-publish","4":"has-post-thumbnail","6":"product_cat-new-arrivals","7":"product_cat-lanterns","8":"product_cat-other-glass-items","9":"product_cat-all-lamps","10":"product_cat-glass-porcelain","11":"product_cat-lighting","13":"first","14":"instock","15":"shipping-taxable","16":"purchasable","17":"product-type-simple"},"yoast_head":"<!-- This site is optimized with the Yoast SEO plugin v24.9 - https:\/\/yoast.com\/wordpress\/plugins\/seo\/ -->\n<title>Antique Art Nouveau blue glass hanging candle lantern,19thC - Arensburg Antiik<\/title>\n<meta name=\"robots\" content=\"index, follow, max-snippet:-1, max-image-preview:large, max-video-preview:-1\" \/>\n<link rel=\"canonical\" href=\"https:\/\/arensburgantiik.ee\/et\/item\/antique-art-nouveau-blue-glass-hanging-candle-lantern19thc\/\" \/>\n<meta property=\"og:locale\" content=\"et_EE\" \/>\n<meta property=\"og:type\" content=\"article\" \/>\n<meta property=\"og:title\" content=\"Antique Art Nouveau blue glass hanging candle lantern,19thC - Arensburg Antiik\" \/>\n<meta property=\"og:description\" content=\"Antique Art Nouveau blue glass hanging candle lantern, 19thC Height of the lantern 73 cm.Diam. of the glass shade 20 cm\" \/>\n<meta property=\"og:url\" content=\"https:\/\/arensburgantiik.ee\/et\/item\/antique-art-nouveau-blue-glass-hanging-candle-lantern19thc\/\" \/>\n<meta property=\"og:site_name\" content=\"Arensburg Antiik\" \/>\n<meta property=\"article:modified_time\" content=\"2025-04-09T07:23:57+00:00\" \/>\n<meta property=\"og:image\" content=\"https:\/\/arensburgantiik.ee\/wp-content\/uploads\/2024\/11\/IMG-20250408-WA0001.jpg\" \/>\n\t<meta property=\"og:image:width\" content=\"1290\" \/>\n\t<meta property=\"og:image:height\" content=\"1290\" \/>\n\t<meta property=\"og:image:type\" content=\"image\/jpeg\" \/>\n<meta name=\"twitter:card\" content=\"summary_large_image\" \/>\n<meta name=\"twitter:label1\" content=\"Est. reading time\" \/>\n\t<meta name=\"twitter:data1\" content=\"1 minut\" \/>\n<script type=\"application\/ld+json\" class=\"yoast-schema-graph\">{\"@context\":\"https:\/\/schema.org\",\"@graph\":[{\"@type\":\"WebPage\",\"@id\":\"https:\/\/arensburgantiik.ee\/item\/antique-art-nouveau-blue-glass-hanging-candle-lantern19thc\/\",\"url\":\"https:\/\/arensburgantiik.ee\/item\/antique-art-nouveau-blue-glass-hanging-candle-lantern19thc\/\",\"name\":\"Antique Art Nouveau blue glass hanging candle lantern,19thC - Arensburg Antiik\",\"isPartOf\":{\"@id\":\"https:\/\/arensburgantiik.ee\/#website\"},\"primaryImageOfPage\":{\"@id\":\"https:\/\/arensburgantiik.ee\/item\/antique-art-nouveau-blue-glass-hanging-candle-lantern19thc\/#primaryimage\"},\"image\":{\"@id\":\"https:\/\/arensburgantiik.ee\/item\/antique-art-nouveau-blue-glass-hanging-candle-lantern19thc\/#primaryimage\"},\"thumbnailUrl\":\"https:\/\/arensburgantiik.ee\/wp-content\/uploads\/2024\/11\/IMG-20250408-WA0001.jpg\",\"datePublished\":\"2024-11-19T08:45:46+00:00\",\"dateModified\":\"2025-04-09T07:23:57+00:00\",\"breadcrumb\":{\"@id\":\"https:\/\/arensburgantiik.ee\/item\/antique-art-nouveau-blue-glass-hanging-candle-lantern19thc\/#breadcrumb\"},\"inLanguage\":\"et\",\"potentialAction\":[{\"@type\":\"ReadAction\",\"target\":[\"https:\/\/arensburgantiik.ee\/item\/antique-art-nouveau-blue-glass-hanging-candle-lantern19thc\/\"]}]},{\"@type\":\"ImageObject\",\"inLanguage\":\"et\",\"@id\":\"https:\/\/arensburgantiik.ee\/item\/antique-art-nouveau-blue-glass-hanging-candle-lantern19thc\/#primaryimage\",\"url\":\"https:\/\/arensburgantiik.ee\/wp-content\/uploads\/2024\/11\/IMG-20250408-WA0001.jpg\",\"contentUrl\":\"https:\/\/arensburgantiik.ee\/wp-content\/uploads\/2024\/11\/IMG-20250408-WA0001.jpg\",\"width\":1290,\"height\":1290},{\"@type\":\"BreadcrumbList\",\"@id\":\"https:\/\/arensburgantiik.ee\/item\/antique-art-nouveau-blue-glass-hanging-candle-lantern19thc\/#breadcrumb\",\"itemListElement\":[{\"@type\":\"ListItem\",\"position\":1,\"name\":\"Home\",\"item\":\"https:\/\/arensburgantiik.ee\/\"},{\"@type\":\"ListItem\",\"position\":2,\"name\":\"Shop\",\"item\":\"https:\/\/arensburgantiik.ee\/shop\/\"},{\"@type\":\"ListItem\",\"position\":3,\"name\":\"Antique Art Nouveau blue glass hanging candle lantern,19thC\"}]},{\"@type\":\"WebSite\",\"@id\":\"https:\/\/arensburgantiik.ee\/#website\",\"url\":\"https:\/\/arensburgantiik.ee\/\",\"name\":\"Arensburg Antiik\",\"description\":\"The Antique Store in Kuressaare Old Town\",\"publisher\":{\"@id\":\"https:\/\/arensburgantiik.ee\/#organization\"},\"potentialAction\":[{\"@type\":\"SearchAction\",\"target\":{\"@type\":\"EntryPoint\",\"urlTemplate\":\"https:\/\/arensburgantiik.ee\/?s={search_term_string}\"},\"query-input\":{\"@type\":\"PropertyValueSpecification\",\"valueRequired\":true,\"valueName\":\"search_term_string\"}}],\"inLanguage\":\"et\"},{\"@type\":\"Organization\",\"@id\":\"https:\/\/arensburgantiik.ee\/#organization\",\"name\":\"Arensburg Antiik\",\"url\":\"https:\/\/arensburgantiik.ee\/\",\"logo\":{\"@type\":\"ImageObject\",\"inLanguage\":\"et\",\"@id\":\"https:\/\/arensburgantiik.ee\/#\/schema\/logo\/image\/\",\"url\":\"https:\/\/arensburgantiik.ee\/wp-content\/uploads\/2023\/12\/arensburg-1.png\",\"contentUrl\":\"https:\/\/arensburgantiik.ee\/wp-content\/uploads\/2023\/12\/arensburg-1.png\",\"width\":481,\"height\":113,\"caption\":\"Arensburg Antiik\"},\"image\":{\"@id\":\"https:\/\/arensburgantiik.ee\/#\/schema\/logo\/image\/\"}}]}<\/script>\n<!-- \/ Yoast SEO plugin. -->","yoast_head_json":{"title":"Antique Art Nouveau blue glass hanging candle lantern,19thC - Arensburg Antiik","robots":{"index":"index","follow":"follow","max-snippet":"max-snippet:-1","max-image-preview":"max-image-preview:large","max-video-preview":"max-video-preview:-1"},"canonical":"https:\/\/arensburgantiik.ee\/et\/item\/antique-art-nouveau-blue-glass-hanging-candle-lantern19thc\/","og_locale":"et_EE","og_type":"article","og_title":"Antique Art Nouveau blue glass hanging candle lantern,19thC - Arensburg Antiik","og_description":"Antique Art Nouveau blue glass hanging candle lantern, 19thC Height of the lantern 73 cm.Diam. of the glass shade 20 cm","og_url":"https:\/\/arensburgantiik.ee\/et\/item\/antique-art-nouveau-blue-glass-hanging-candle-lantern19thc\/","og_site_name":"Arensburg Antiik","article_modified_time":"2025-04-09T07:23:57+00:00","og_image":[{"width":1290,"height":1290,"url":"https:\/\/arensburgantiik.ee\/wp-content\/uploads\/2024\/11\/IMG-20250408-WA0001.jpg","type":"image\/jpeg"}],"twitter_card":"summary_large_image","twitter_misc":{"Est. reading time":"1 minut"},"schema":{"@context":"https:\/\/schema.org","@graph":[{"@type":"WebPage","@id":"https:\/\/arensburgantiik.ee\/item\/antique-art-nouveau-blue-glass-hanging-candle-lantern19thc\/","url":"https:\/\/arensburgantiik.ee\/item\/antique-art-nouveau-blue-glass-hanging-candle-lantern19thc\/","name":"Antique Art Nouveau blue glass hanging candle lantern,19thC - Arensburg Antiik","isPartOf":{"@id":"https:\/\/arensburgantiik.ee\/#website"},"primaryImageOfPage":{"@id":"https:\/\/arensburgantiik.ee\/item\/antique-art-nouveau-blue-glass-hanging-candle-lantern19thc\/#primaryimage"},"image":{"@id":"https:\/\/arensburgantiik.ee\/item\/antique-art-nouveau-blue-glass-hanging-candle-lantern19thc\/#primaryimage"},"thumbnailUrl":"https:\/\/arensburgantiik.ee\/wp-content\/uploads\/2024\/11\/IMG-20250408-WA0001.jpg","datePublished":"2024-11-19T08:45:46+00:00","dateModified":"2025-04-09T07:23:57+00:00","breadcrumb":{"@id":"https:\/\/arensburgantiik.ee\/item\/antique-art-nouveau-blue-glass-hanging-candle-lantern19thc\/#breadcrumb"},"inLanguage":"et","potentialAction":[{"@type":"ReadAction","target":["https:\/\/arensburgantiik.ee\/item\/antique-art-nouveau-blue-glass-hanging-candle-lantern19thc\/"]}]},{"@type":"ImageObject","inLanguage":"et","@id":"https:\/\/arensburgantiik.ee\/item\/antique-art-nouveau-blue-glass-hanging-candle-lantern19thc\/#primaryimage","url":"https:\/\/arensburgantiik.ee\/wp-content\/uploads\/2024\/11\/IMG-20250408-WA0001.jpg","contentUrl":"https:\/\/arensburgantiik.ee\/wp-content\/uploads\/2024\/11\/IMG-20250408-WA0001.jpg","width":1290,"height":1290},{"@type":"BreadcrumbList","@id":"https:\/\/arensburgantiik.ee\/item\/antique-art-nouveau-blue-glass-hanging-candle-lantern19thc\/#breadcrumb","itemListElement":[{"@type":"ListItem","position":1,"name":"Home","item":"https:\/\/arensburgantiik.ee\/"},{"@type":"ListItem","position":2,"name":"Shop","item":"https:\/\/arensburgantiik.ee\/shop\/"},{"@type":"ListItem","position":3,"name":"Antique Art Nouveau blue glass hanging candle lantern,19thC"}]},{"@type":"WebSite","@id":"https:\/\/arensburgantiik.ee\/#website","url":"https:\/\/arensburgantiik.ee\/","name":"Arensburg Antiik","description":"The Antique Store in Kuressaare Old Town","publisher":{"@id":"https:\/\/arensburgantiik.ee\/#organization"},"potentialAction":[{"@type":"SearchAction","target":{"@type":"EntryPoint","urlTemplate":"https:\/\/arensburgantiik.ee\/?s={search_term_string}"},"query-input":{"@type":"PropertyValueSpecification","valueRequired":true,"valueName":"search_term_string"}}],"inLanguage":"et"},{"@type":"Organization","@id":"https:\/\/arensburgantiik.ee\/#organization","name":"Arensburg Antiik","url":"https:\/\/arensburgantiik.ee\/","logo":{"@type":"ImageObject","inLanguage":"et","@id":"https:\/\/arensburgantiik.ee\/#\/schema\/logo\/image\/","url":"https:\/\/arensburgantiik.ee\/wp-content\/uploads\/2023\/12\/arensburg-1.png","contentUrl":"https:\/\/arensburgantiik.ee\/wp-content\/uploads\/2023\/12\/arensburg-1.png","width":481,"height":113,"caption":"Arensburg Antiik"},"image":{"@id":"https:\/\/arensburgantiik.ee\/#\/schema\/logo\/image\/"}}]}},"_links":{"self":[{"href":"https:\/\/arensburgantiik.ee\/et\/wp-json\/wp\/v2\/product\/2994","targetHints":{"allow":["GET"]}}],"collection":[{"href":"https:\/\/arensburgantiik.ee\/et\/wp-json\/wp\/v2\/product"}],"about":[{"href":"https:\/\/arensburgantiik.ee\/et\/wp-json\/wp\/v2\/types\/product"}],"wp:featuredmedia":[{"embeddable":true,"href":"https:\/\/arensburgantiik.ee\/et\/wp-json\/wp\/v2\/media\/4907"}],"wp:attachment":[{"href":"https:\/\/arensburgantiik.ee\/et\/wp-json\/wp\/v2\/media?parent=2994"}],"wp:term":[{"taxonomy":"product_brand","embeddable":true,"href":"https:\/\/arensburgantiik.ee\/et\/wp-json\/wp\/v2\/product_brand?post=2994"},{"taxonomy":"product_cat","embeddable":true,"href":"https:\/\/arensburgantiik.ee\/et\/wp-json\/wp\/v2\/product_cat?post=2994"},{"taxonomy":"product_tag","embeddable":true,"href":"https:\/\/arensburgantiik.ee\/et\/wp-json\/wp\/v2\/product_tag?post=2994"}],"curies":[{"name":"wp","href":"https:\/\/api.w.org\/{rel}","templated":true}]}}