{"id":3203,"date":"2024-12-08T13:03:58","date_gmt":"2024-12-08T13:03:58","guid":{"rendered":"https:\/\/arensburgantiik.ee\/?post_type=product&#038;p=3203"},"modified":"2025-04-15T10:09:01","modified_gmt":"2025-04-15T08:09:01","slug":"antique-chinese-carved-cinnabarcloisonne-enamel-tobacco-jarhumidor","status":"publish","type":"product","link":"https:\/\/arensburgantiik.ee\/et\/item\/antique-chinese-carved-cinnabarcloisonne-enamel-tobacco-jarhumidor\/","title":{"rendered":"Antiikne pronksist Hiina tubakatoos, kaunistatud emaili ja lakiga"},"content":{"rendered":"<div>Original antique Chinese carved cinnabar,cloisonne enamel tobacco jar,humidor<\/div>\n<div>Tubakatoosi l\u00e4bim\u00f5\u00f5t 9,5 cm, k\u00f5rgus 10,2 cm<\/div>","protected":false},"excerpt":{"rendered":"<p>Original antique Chinese carved cinnabar,cloisonne enamel tobacco jar,humidor Diameter 10,2 cm, height 9,5 cm<\/p>","protected":false},"featured_media":4848,"template":"","meta":[],"product_brand":[],"product_cat":[56,151,148,60],"product_tag":[],"class_list":{"0":"post-3203","1":"product","2":"type-product","3":"status-publish","4":"has-post-thumbnail","6":"product_cat-new-arrivals","7":"product_cat-all-eastern-antiques","8":"product_cat-chinese-antique","9":"product_cat-eastern-antiques","11":"first","12":"instock","13":"shipping-taxable","14":"purchasable","15":"product-type-simple"},"yoast_head":"<!-- This site is optimized with the Yoast SEO plugin v24.9 - https:\/\/yoast.com\/wordpress\/plugins\/seo\/ -->\n<title>Antique Chinese carved cinnabar,cloisonne enamel tobacco jar,humidor - Arensburg Antiik<\/title>\n<meta name=\"robots\" content=\"index, follow, max-snippet:-1, max-image-preview:large, max-video-preview:-1\" \/>\n<link rel=\"canonical\" href=\"https:\/\/arensburgantiik.ee\/et\/item\/antique-chinese-carved-cinnabarcloisonne-enamel-tobacco-jarhumidor\/\" \/>\n<meta property=\"og:locale\" content=\"et_EE\" \/>\n<meta property=\"og:type\" content=\"article\" \/>\n<meta property=\"og:title\" content=\"Antique Chinese carved cinnabar,cloisonne enamel tobacco jar,humidor - Arensburg Antiik\" \/>\n<meta property=\"og:description\" content=\"Original antique Chinese carved cinnabar,cloisonne enamel tobacco jar,humidor Diameter 10,2 cm, height 9,5 cm\" \/>\n<meta property=\"og:url\" content=\"https:\/\/arensburgantiik.ee\/et\/item\/antique-chinese-carved-cinnabarcloisonne-enamel-tobacco-jarhumidor\/\" \/>\n<meta property=\"og:site_name\" content=\"Arensburg Antiik\" \/>\n<meta property=\"article:modified_time\" content=\"2025-04-15T08:09:01+00:00\" \/>\n<meta property=\"og:image\" content=\"https:\/\/arensburgantiik.ee\/wp-content\/uploads\/2024\/12\/IMG-20250406-WA0041.jpg\" \/>\n\t<meta property=\"og:image:width\" content=\"1274\" \/>\n\t<meta property=\"og:image:height\" content=\"1280\" \/>\n\t<meta property=\"og:image:type\" content=\"image\/jpeg\" \/>\n<meta name=\"twitter:card\" content=\"summary_large_image\" \/>\n<meta name=\"twitter:label1\" content=\"Est. reading time\" \/>\n\t<meta name=\"twitter:data1\" content=\"1 minut\" \/>\n<script type=\"application\/ld+json\" class=\"yoast-schema-graph\">{\"@context\":\"https:\/\/schema.org\",\"@graph\":[{\"@type\":\"WebPage\",\"@id\":\"https:\/\/arensburgantiik.ee\/item\/antique-chinese-carved-cinnabarcloisonne-enamel-tobacco-jarhumidor\/\",\"url\":\"https:\/\/arensburgantiik.ee\/item\/antique-chinese-carved-cinnabarcloisonne-enamel-tobacco-jarhumidor\/\",\"name\":\"Antique Chinese carved cinnabar,cloisonne enamel tobacco jar,humidor - Arensburg Antiik\",\"isPartOf\":{\"@id\":\"https:\/\/arensburgantiik.ee\/#website\"},\"primaryImageOfPage\":{\"@id\":\"https:\/\/arensburgantiik.ee\/item\/antique-chinese-carved-cinnabarcloisonne-enamel-tobacco-jarhumidor\/#primaryimage\"},\"image\":{\"@id\":\"https:\/\/arensburgantiik.ee\/item\/antique-chinese-carved-cinnabarcloisonne-enamel-tobacco-jarhumidor\/#primaryimage\"},\"thumbnailUrl\":\"https:\/\/arensburgantiik.ee\/wp-content\/uploads\/2024\/12\/IMG-20250406-WA0041.jpg\",\"datePublished\":\"2024-12-08T13:03:58+00:00\",\"dateModified\":\"2025-04-15T08:09:01+00:00\",\"breadcrumb\":{\"@id\":\"https:\/\/arensburgantiik.ee\/item\/antique-chinese-carved-cinnabarcloisonne-enamel-tobacco-jarhumidor\/#breadcrumb\"},\"inLanguage\":\"et\",\"potentialAction\":[{\"@type\":\"ReadAction\",\"target\":[\"https:\/\/arensburgantiik.ee\/item\/antique-chinese-carved-cinnabarcloisonne-enamel-tobacco-jarhumidor\/\"]}]},{\"@type\":\"ImageObject\",\"inLanguage\":\"et\",\"@id\":\"https:\/\/arensburgantiik.ee\/item\/antique-chinese-carved-cinnabarcloisonne-enamel-tobacco-jarhumidor\/#primaryimage\",\"url\":\"https:\/\/arensburgantiik.ee\/wp-content\/uploads\/2024\/12\/IMG-20250406-WA0041.jpg\",\"contentUrl\":\"https:\/\/arensburgantiik.ee\/wp-content\/uploads\/2024\/12\/IMG-20250406-WA0041.jpg\",\"width\":1274,\"height\":1280},{\"@type\":\"BreadcrumbList\",\"@id\":\"https:\/\/arensburgantiik.ee\/item\/antique-chinese-carved-cinnabarcloisonne-enamel-tobacco-jarhumidor\/#breadcrumb\",\"itemListElement\":[{\"@type\":\"ListItem\",\"position\":1,\"name\":\"Home\",\"item\":\"https:\/\/arensburgantiik.ee\/\"},{\"@type\":\"ListItem\",\"position\":2,\"name\":\"Shop\",\"item\":\"https:\/\/arensburgantiik.ee\/shop\/\"},{\"@type\":\"ListItem\",\"position\":3,\"name\":\"Antique Chinese carved cinnabar,cloisonne enamel tobacco jar,humidor\"}]},{\"@type\":\"WebSite\",\"@id\":\"https:\/\/arensburgantiik.ee\/#website\",\"url\":\"https:\/\/arensburgantiik.ee\/\",\"name\":\"Arensburg Antiik\",\"description\":\"The Antique Store in Kuressaare Old Town\",\"publisher\":{\"@id\":\"https:\/\/arensburgantiik.ee\/#organization\"},\"potentialAction\":[{\"@type\":\"SearchAction\",\"target\":{\"@type\":\"EntryPoint\",\"urlTemplate\":\"https:\/\/arensburgantiik.ee\/?s={search_term_string}\"},\"query-input\":{\"@type\":\"PropertyValueSpecification\",\"valueRequired\":true,\"valueName\":\"search_term_string\"}}],\"inLanguage\":\"et\"},{\"@type\":\"Organization\",\"@id\":\"https:\/\/arensburgantiik.ee\/#organization\",\"name\":\"Arensburg Antiik\",\"url\":\"https:\/\/arensburgantiik.ee\/\",\"logo\":{\"@type\":\"ImageObject\",\"inLanguage\":\"et\",\"@id\":\"https:\/\/arensburgantiik.ee\/#\/schema\/logo\/image\/\",\"url\":\"https:\/\/arensburgantiik.ee\/wp-content\/uploads\/2023\/12\/arensburg-1.png\",\"contentUrl\":\"https:\/\/arensburgantiik.ee\/wp-content\/uploads\/2023\/12\/arensburg-1.png\",\"width\":481,\"height\":113,\"caption\":\"Arensburg Antiik\"},\"image\":{\"@id\":\"https:\/\/arensburgantiik.ee\/#\/schema\/logo\/image\/\"}}]}<\/script>\n<!-- \/ Yoast SEO plugin. -->","yoast_head_json":{"title":"Antique Chinese carved cinnabar,cloisonne enamel tobacco jar,humidor - Arensburg Antiik","robots":{"index":"index","follow":"follow","max-snippet":"max-snippet:-1","max-image-preview":"max-image-preview:large","max-video-preview":"max-video-preview:-1"},"canonical":"https:\/\/arensburgantiik.ee\/et\/item\/antique-chinese-carved-cinnabarcloisonne-enamel-tobacco-jarhumidor\/","og_locale":"et_EE","og_type":"article","og_title":"Antique Chinese carved cinnabar,cloisonne enamel tobacco jar,humidor - Arensburg Antiik","og_description":"Original antique Chinese carved cinnabar,cloisonne enamel tobacco jar,humidor Diameter 10,2 cm, height 9,5 cm","og_url":"https:\/\/arensburgantiik.ee\/et\/item\/antique-chinese-carved-cinnabarcloisonne-enamel-tobacco-jarhumidor\/","og_site_name":"Arensburg Antiik","article_modified_time":"2025-04-15T08:09:01+00:00","og_image":[{"width":1274,"height":1280,"url":"https:\/\/arensburgantiik.ee\/wp-content\/uploads\/2024\/12\/IMG-20250406-WA0041.jpg","type":"image\/jpeg"}],"twitter_card":"summary_large_image","twitter_misc":{"Est. reading time":"1 minut"},"schema":{"@context":"https:\/\/schema.org","@graph":[{"@type":"WebPage","@id":"https:\/\/arensburgantiik.ee\/item\/antique-chinese-carved-cinnabarcloisonne-enamel-tobacco-jarhumidor\/","url":"https:\/\/arensburgantiik.ee\/item\/antique-chinese-carved-cinnabarcloisonne-enamel-tobacco-jarhumidor\/","name":"Antique Chinese carved cinnabar,cloisonne enamel tobacco jar,humidor - Arensburg Antiik","isPartOf":{"@id":"https:\/\/arensburgantiik.ee\/#website"},"primaryImageOfPage":{"@id":"https:\/\/arensburgantiik.ee\/item\/antique-chinese-carved-cinnabarcloisonne-enamel-tobacco-jarhumidor\/#primaryimage"},"image":{"@id":"https:\/\/arensburgantiik.ee\/item\/antique-chinese-carved-cinnabarcloisonne-enamel-tobacco-jarhumidor\/#primaryimage"},"thumbnailUrl":"https:\/\/arensburgantiik.ee\/wp-content\/uploads\/2024\/12\/IMG-20250406-WA0041.jpg","datePublished":"2024-12-08T13:03:58+00:00","dateModified":"2025-04-15T08:09:01+00:00","breadcrumb":{"@id":"https:\/\/arensburgantiik.ee\/item\/antique-chinese-carved-cinnabarcloisonne-enamel-tobacco-jarhumidor\/#breadcrumb"},"inLanguage":"et","potentialAction":[{"@type":"ReadAction","target":["https:\/\/arensburgantiik.ee\/item\/antique-chinese-carved-cinnabarcloisonne-enamel-tobacco-jarhumidor\/"]}]},{"@type":"ImageObject","inLanguage":"et","@id":"https:\/\/arensburgantiik.ee\/item\/antique-chinese-carved-cinnabarcloisonne-enamel-tobacco-jarhumidor\/#primaryimage","url":"https:\/\/arensburgantiik.ee\/wp-content\/uploads\/2024\/12\/IMG-20250406-WA0041.jpg","contentUrl":"https:\/\/arensburgantiik.ee\/wp-content\/uploads\/2024\/12\/IMG-20250406-WA0041.jpg","width":1274,"height":1280},{"@type":"BreadcrumbList","@id":"https:\/\/arensburgantiik.ee\/item\/antique-chinese-carved-cinnabarcloisonne-enamel-tobacco-jarhumidor\/#breadcrumb","itemListElement":[{"@type":"ListItem","position":1,"name":"Home","item":"https:\/\/arensburgantiik.ee\/"},{"@type":"ListItem","position":2,"name":"Shop","item":"https:\/\/arensburgantiik.ee\/shop\/"},{"@type":"ListItem","position":3,"name":"Antique Chinese carved cinnabar,cloisonne enamel tobacco jar,humidor"}]},{"@type":"WebSite","@id":"https:\/\/arensburgantiik.ee\/#website","url":"https:\/\/arensburgantiik.ee\/","name":"Arensburg Antiik","description":"The Antique Store in Kuressaare Old Town","publisher":{"@id":"https:\/\/arensburgantiik.ee\/#organization"},"potentialAction":[{"@type":"SearchAction","target":{"@type":"EntryPoint","urlTemplate":"https:\/\/arensburgantiik.ee\/?s={search_term_string}"},"query-input":{"@type":"PropertyValueSpecification","valueRequired":true,"valueName":"search_term_string"}}],"inLanguage":"et"},{"@type":"Organization","@id":"https:\/\/arensburgantiik.ee\/#organization","name":"Arensburg Antiik","url":"https:\/\/arensburgantiik.ee\/","logo":{"@type":"ImageObject","inLanguage":"et","@id":"https:\/\/arensburgantiik.ee\/#\/schema\/logo\/image\/","url":"https:\/\/arensburgantiik.ee\/wp-content\/uploads\/2023\/12\/arensburg-1.png","contentUrl":"https:\/\/arensburgantiik.ee\/wp-content\/uploads\/2023\/12\/arensburg-1.png","width":481,"height":113,"caption":"Arensburg Antiik"},"image":{"@id":"https:\/\/arensburgantiik.ee\/#\/schema\/logo\/image\/"}}]}},"_links":{"self":[{"href":"https:\/\/arensburgantiik.ee\/et\/wp-json\/wp\/v2\/product\/3203","targetHints":{"allow":["GET"]}}],"collection":[{"href":"https:\/\/arensburgantiik.ee\/et\/wp-json\/wp\/v2\/product"}],"about":[{"href":"https:\/\/arensburgantiik.ee\/et\/wp-json\/wp\/v2\/types\/product"}],"wp:featuredmedia":[{"embeddable":true,"href":"https:\/\/arensburgantiik.ee\/et\/wp-json\/wp\/v2\/media\/4848"}],"wp:attachment":[{"href":"https:\/\/arensburgantiik.ee\/et\/wp-json\/wp\/v2\/media?parent=3203"}],"wp:term":[{"taxonomy":"product_brand","embeddable":true,"href":"https:\/\/arensburgantiik.ee\/et\/wp-json\/wp\/v2\/product_brand?post=3203"},{"taxonomy":"product_cat","embeddable":true,"href":"https:\/\/arensburgantiik.ee\/et\/wp-json\/wp\/v2\/product_cat?post=3203"},{"taxonomy":"product_tag","embeddable":true,"href":"https:\/\/arensburgantiik.ee\/et\/wp-json\/wp\/v2\/product_tag?post=3203"}],"curies":[{"name":"wp","href":"https:\/\/api.w.org\/{rel}","templated":true}]}}