{"id":3274,"date":"2024-12-09T17:20:07","date_gmt":"2024-12-09T17:20:07","guid":{"rendered":"https:\/\/arensburgantiik.ee\/?post_type=product&#038;p=3274"},"modified":"2025-02-27T18:37:33","modified_gmt":"2025-02-27T18:37:33","slug":"us-original-art-deco-table-lamp-with-glass-globe","status":"publish","type":"product","link":"https:\/\/arensburgantiik.ee\/et\/item\/us-original-art-deco-table-lamp-with-glass-globe\/","title":{"rendered":"Art Deco stiilis Ameerika p\u00e4ritolu laualamp"},"content":{"rendered":"<div>US, original Art Deco table lamp with glass globe, in good working order.<\/div>\n<div>Lambi k\u00f5rgus 40 cm.Kupli l\u00e4bim\u00f5\u00f5t 37 cm<\/div>","protected":false},"excerpt":{"rendered":"<p>US, original Art Deco table lamp with glass globe, in good working order. Dimensions,height 40 cm,diam of glass globe 37 cm<\/p>","protected":false},"featured_media":4500,"template":"","meta":[],"product_brand":[],"product_cat":[56,109,114,37],"product_tag":[],"class_list":{"0":"post-3274","1":"product","2":"type-product","3":"status-publish","4":"has-post-thumbnail","6":"product_cat-new-arrivals","7":"product_cat-table-lamps","8":"product_cat-all-lamps","9":"product_cat-lighting","11":"first","12":"instock","13":"shipping-taxable","14":"purchasable","15":"product-type-simple"},"yoast_head":"<!-- This site is optimized with the Yoast SEO plugin v24.9 - https:\/\/yoast.com\/wordpress\/plugins\/seo\/ -->\n<title>US, original Art Deco table lamp with glass globe - Arensburg Antiik<\/title>\n<meta name=\"robots\" content=\"index, follow, max-snippet:-1, max-image-preview:large, max-video-preview:-1\" \/>\n<link rel=\"canonical\" href=\"https:\/\/arensburgantiik.ee\/et\/item\/us-original-art-deco-table-lamp-with-glass-globe\/\" \/>\n<meta property=\"og:locale\" content=\"et_EE\" \/>\n<meta property=\"og:type\" content=\"article\" \/>\n<meta property=\"og:title\" content=\"US, original Art Deco table lamp with glass globe - Arensburg Antiik\" \/>\n<meta property=\"og:description\" content=\"US, original Art Deco table lamp with glass globe, in good working order. Dimensions,height 40 cm,diam of glass globe 37 cm\" \/>\n<meta property=\"og:url\" content=\"https:\/\/arensburgantiik.ee\/et\/item\/us-original-art-deco-table-lamp-with-glass-globe\/\" \/>\n<meta property=\"og:site_name\" content=\"Arensburg Antiik\" \/>\n<meta property=\"article:modified_time\" content=\"2025-02-27T18:37:33+00:00\" \/>\n<meta property=\"og:image\" content=\"https:\/\/arensburgantiik.ee\/wp-content\/uploads\/2024\/12\/IMG-20250226-WA0043.jpg\" \/>\n\t<meta property=\"og:image:width\" content=\"1536\" \/>\n\t<meta property=\"og:image:height\" content=\"1536\" \/>\n\t<meta property=\"og:image:type\" content=\"image\/jpeg\" \/>\n<meta name=\"twitter:card\" content=\"summary_large_image\" \/>\n<meta name=\"twitter:label1\" content=\"Est. reading time\" \/>\n\t<meta name=\"twitter:data1\" content=\"1 minut\" \/>\n<script type=\"application\/ld+json\" class=\"yoast-schema-graph\">{\"@context\":\"https:\/\/schema.org\",\"@graph\":[{\"@type\":\"WebPage\",\"@id\":\"https:\/\/arensburgantiik.ee\/item\/us-original-art-deco-table-lamp-with-glass-globe\/\",\"url\":\"https:\/\/arensburgantiik.ee\/item\/us-original-art-deco-table-lamp-with-glass-globe\/\",\"name\":\"US, original Art Deco table lamp with glass globe - Arensburg Antiik\",\"isPartOf\":{\"@id\":\"https:\/\/arensburgantiik.ee\/#website\"},\"primaryImageOfPage\":{\"@id\":\"https:\/\/arensburgantiik.ee\/item\/us-original-art-deco-table-lamp-with-glass-globe\/#primaryimage\"},\"image\":{\"@id\":\"https:\/\/arensburgantiik.ee\/item\/us-original-art-deco-table-lamp-with-glass-globe\/#primaryimage\"},\"thumbnailUrl\":\"https:\/\/arensburgantiik.ee\/wp-content\/uploads\/2024\/12\/IMG-20250226-WA0043.jpg\",\"datePublished\":\"2024-12-09T17:20:07+00:00\",\"dateModified\":\"2025-02-27T18:37:33+00:00\",\"breadcrumb\":{\"@id\":\"https:\/\/arensburgantiik.ee\/item\/us-original-art-deco-table-lamp-with-glass-globe\/#breadcrumb\"},\"inLanguage\":\"et\",\"potentialAction\":[{\"@type\":\"ReadAction\",\"target\":[\"https:\/\/arensburgantiik.ee\/item\/us-original-art-deco-table-lamp-with-glass-globe\/\"]}]},{\"@type\":\"ImageObject\",\"inLanguage\":\"et\",\"@id\":\"https:\/\/arensburgantiik.ee\/item\/us-original-art-deco-table-lamp-with-glass-globe\/#primaryimage\",\"url\":\"https:\/\/arensburgantiik.ee\/wp-content\/uploads\/2024\/12\/IMG-20250226-WA0043.jpg\",\"contentUrl\":\"https:\/\/arensburgantiik.ee\/wp-content\/uploads\/2024\/12\/IMG-20250226-WA0043.jpg\",\"width\":1536,\"height\":1536},{\"@type\":\"BreadcrumbList\",\"@id\":\"https:\/\/arensburgantiik.ee\/item\/us-original-art-deco-table-lamp-with-glass-globe\/#breadcrumb\",\"itemListElement\":[{\"@type\":\"ListItem\",\"position\":1,\"name\":\"Home\",\"item\":\"https:\/\/arensburgantiik.ee\/\"},{\"@type\":\"ListItem\",\"position\":2,\"name\":\"Shop\",\"item\":\"https:\/\/arensburgantiik.ee\/shop\/\"},{\"@type\":\"ListItem\",\"position\":3,\"name\":\"US, original Art Deco table lamp with glass globe\"}]},{\"@type\":\"WebSite\",\"@id\":\"https:\/\/arensburgantiik.ee\/#website\",\"url\":\"https:\/\/arensburgantiik.ee\/\",\"name\":\"Arensburg Antiik\",\"description\":\"The Antique Store in Kuressaare Old Town\",\"publisher\":{\"@id\":\"https:\/\/arensburgantiik.ee\/#organization\"},\"potentialAction\":[{\"@type\":\"SearchAction\",\"target\":{\"@type\":\"EntryPoint\",\"urlTemplate\":\"https:\/\/arensburgantiik.ee\/?s={search_term_string}\"},\"query-input\":{\"@type\":\"PropertyValueSpecification\",\"valueRequired\":true,\"valueName\":\"search_term_string\"}}],\"inLanguage\":\"et\"},{\"@type\":\"Organization\",\"@id\":\"https:\/\/arensburgantiik.ee\/#organization\",\"name\":\"Arensburg Antiik\",\"url\":\"https:\/\/arensburgantiik.ee\/\",\"logo\":{\"@type\":\"ImageObject\",\"inLanguage\":\"et\",\"@id\":\"https:\/\/arensburgantiik.ee\/#\/schema\/logo\/image\/\",\"url\":\"https:\/\/arensburgantiik.ee\/wp-content\/uploads\/2023\/12\/arensburg-1.png\",\"contentUrl\":\"https:\/\/arensburgantiik.ee\/wp-content\/uploads\/2023\/12\/arensburg-1.png\",\"width\":481,\"height\":113,\"caption\":\"Arensburg Antiik\"},\"image\":{\"@id\":\"https:\/\/arensburgantiik.ee\/#\/schema\/logo\/image\/\"}}]}<\/script>\n<!-- \/ Yoast SEO plugin. -->","yoast_head_json":{"title":"US, original Art Deco table lamp with glass globe - Arensburg Antiik","robots":{"index":"index","follow":"follow","max-snippet":"max-snippet:-1","max-image-preview":"max-image-preview:large","max-video-preview":"max-video-preview:-1"},"canonical":"https:\/\/arensburgantiik.ee\/et\/item\/us-original-art-deco-table-lamp-with-glass-globe\/","og_locale":"et_EE","og_type":"article","og_title":"US, original Art Deco table lamp with glass globe - Arensburg Antiik","og_description":"US, original Art Deco table lamp with glass globe, in good working order. Dimensions,height 40 cm,diam of glass globe 37 cm","og_url":"https:\/\/arensburgantiik.ee\/et\/item\/us-original-art-deco-table-lamp-with-glass-globe\/","og_site_name":"Arensburg Antiik","article_modified_time":"2025-02-27T18:37:33+00:00","og_image":[{"width":1536,"height":1536,"url":"https:\/\/arensburgantiik.ee\/wp-content\/uploads\/2024\/12\/IMG-20250226-WA0043.jpg","type":"image\/jpeg"}],"twitter_card":"summary_large_image","twitter_misc":{"Est. reading time":"1 minut"},"schema":{"@context":"https:\/\/schema.org","@graph":[{"@type":"WebPage","@id":"https:\/\/arensburgantiik.ee\/item\/us-original-art-deco-table-lamp-with-glass-globe\/","url":"https:\/\/arensburgantiik.ee\/item\/us-original-art-deco-table-lamp-with-glass-globe\/","name":"US, original Art Deco table lamp with glass globe - Arensburg Antiik","isPartOf":{"@id":"https:\/\/arensburgantiik.ee\/#website"},"primaryImageOfPage":{"@id":"https:\/\/arensburgantiik.ee\/item\/us-original-art-deco-table-lamp-with-glass-globe\/#primaryimage"},"image":{"@id":"https:\/\/arensburgantiik.ee\/item\/us-original-art-deco-table-lamp-with-glass-globe\/#primaryimage"},"thumbnailUrl":"https:\/\/arensburgantiik.ee\/wp-content\/uploads\/2024\/12\/IMG-20250226-WA0043.jpg","datePublished":"2024-12-09T17:20:07+00:00","dateModified":"2025-02-27T18:37:33+00:00","breadcrumb":{"@id":"https:\/\/arensburgantiik.ee\/item\/us-original-art-deco-table-lamp-with-glass-globe\/#breadcrumb"},"inLanguage":"et","potentialAction":[{"@type":"ReadAction","target":["https:\/\/arensburgantiik.ee\/item\/us-original-art-deco-table-lamp-with-glass-globe\/"]}]},{"@type":"ImageObject","inLanguage":"et","@id":"https:\/\/arensburgantiik.ee\/item\/us-original-art-deco-table-lamp-with-glass-globe\/#primaryimage","url":"https:\/\/arensburgantiik.ee\/wp-content\/uploads\/2024\/12\/IMG-20250226-WA0043.jpg","contentUrl":"https:\/\/arensburgantiik.ee\/wp-content\/uploads\/2024\/12\/IMG-20250226-WA0043.jpg","width":1536,"height":1536},{"@type":"BreadcrumbList","@id":"https:\/\/arensburgantiik.ee\/item\/us-original-art-deco-table-lamp-with-glass-globe\/#breadcrumb","itemListElement":[{"@type":"ListItem","position":1,"name":"Home","item":"https:\/\/arensburgantiik.ee\/"},{"@type":"ListItem","position":2,"name":"Shop","item":"https:\/\/arensburgantiik.ee\/shop\/"},{"@type":"ListItem","position":3,"name":"US, original Art Deco table lamp with glass globe"}]},{"@type":"WebSite","@id":"https:\/\/arensburgantiik.ee\/#website","url":"https:\/\/arensburgantiik.ee\/","name":"Arensburg Antiik","description":"The Antique Store in Kuressaare Old Town","publisher":{"@id":"https:\/\/arensburgantiik.ee\/#organization"},"potentialAction":[{"@type":"SearchAction","target":{"@type":"EntryPoint","urlTemplate":"https:\/\/arensburgantiik.ee\/?s={search_term_string}"},"query-input":{"@type":"PropertyValueSpecification","valueRequired":true,"valueName":"search_term_string"}}],"inLanguage":"et"},{"@type":"Organization","@id":"https:\/\/arensburgantiik.ee\/#organization","name":"Arensburg Antiik","url":"https:\/\/arensburgantiik.ee\/","logo":{"@type":"ImageObject","inLanguage":"et","@id":"https:\/\/arensburgantiik.ee\/#\/schema\/logo\/image\/","url":"https:\/\/arensburgantiik.ee\/wp-content\/uploads\/2023\/12\/arensburg-1.png","contentUrl":"https:\/\/arensburgantiik.ee\/wp-content\/uploads\/2023\/12\/arensburg-1.png","width":481,"height":113,"caption":"Arensburg Antiik"},"image":{"@id":"https:\/\/arensburgantiik.ee\/#\/schema\/logo\/image\/"}}]}},"_links":{"self":[{"href":"https:\/\/arensburgantiik.ee\/et\/wp-json\/wp\/v2\/product\/3274","targetHints":{"allow":["GET"]}}],"collection":[{"href":"https:\/\/arensburgantiik.ee\/et\/wp-json\/wp\/v2\/product"}],"about":[{"href":"https:\/\/arensburgantiik.ee\/et\/wp-json\/wp\/v2\/types\/product"}],"wp:featuredmedia":[{"embeddable":true,"href":"https:\/\/arensburgantiik.ee\/et\/wp-json\/wp\/v2\/media\/4500"}],"wp:attachment":[{"href":"https:\/\/arensburgantiik.ee\/et\/wp-json\/wp\/v2\/media?parent=3274"}],"wp:term":[{"taxonomy":"product_brand","embeddable":true,"href":"https:\/\/arensburgantiik.ee\/et\/wp-json\/wp\/v2\/product_brand?post=3274"},{"taxonomy":"product_cat","embeddable":true,"href":"https:\/\/arensburgantiik.ee\/et\/wp-json\/wp\/v2\/product_cat?post=3274"},{"taxonomy":"product_tag","embeddable":true,"href":"https:\/\/arensburgantiik.ee\/et\/wp-json\/wp\/v2\/product_tag?post=3274"}],"curies":[{"name":"wp","href":"https:\/\/api.w.org\/{rel}","templated":true}]}}