{"id":4315,"date":"2025-02-02T15:37:47","date_gmt":"2025-02-02T15:37:47","guid":{"rendered":"https:\/\/arensburgantiik.ee\/?post_type=product&#038;p=4315"},"modified":"2025-03-03T19:55:03","modified_gmt":"2025-03-03T19:55:03","slug":"antique-chinese-trousse-knife-with-chopsticksdragon-design","status":"publish","type":"product","link":"https:\/\/arensburgantiik.ee\/et\/item\/antique-chinese-trousse-knife-with-chopsticksdragon-design\/","title":{"rendered":"Antiikne Hiina r\u00e4nnumehe komplekt,nuga ja s\u00f6\u00f6gipulgad"},"content":{"rendered":"<p>Antique Chinese Trousse knife and chopsticks set,decorated with Dragon<br \/>\nNoa pikkus 25,5 cm,koos tupega 31 cm<\/p>","protected":false},"excerpt":{"rendered":"<p>Antique Chinese Trousse knife and chopsticks set,decorated with Dragon Size of the knife with scabbard 31 x 3 cm.Knife 25,5 x 2,5 x 1 cm<\/p>","protected":false},"featured_media":4557,"template":"","meta":[],"product_brand":[],"product_cat":[151,148,152,156,60],"product_tag":[],"class_list":{"0":"post-4315","1":"product","2":"type-product","3":"status-publish","4":"has-post-thumbnail","6":"product_cat-all-eastern-antiques","7":"product_cat-chinese-antique","8":"product_cat-collectibles","9":"product_cat-arms","10":"product_cat-eastern-antiques","12":"first","13":"instock","14":"shipping-taxable","15":"purchasable","16":"product-type-simple"},"yoast_head":"<!-- This site is optimized with the Yoast SEO plugin v24.9 - https:\/\/yoast.com\/wordpress\/plugins\/seo\/ -->\n<title>Antique Chinese Trousse knife with chopsticks,Dragon design - Arensburg Antiik<\/title>\n<meta name=\"robots\" content=\"index, follow, max-snippet:-1, max-image-preview:large, max-video-preview:-1\" \/>\n<link rel=\"canonical\" href=\"https:\/\/arensburgantiik.ee\/et\/item\/antique-chinese-trousse-knife-with-chopsticksdragon-design\/\" \/>\n<meta property=\"og:locale\" content=\"et_EE\" \/>\n<meta property=\"og:type\" content=\"article\" \/>\n<meta property=\"og:title\" content=\"Antique Chinese Trousse knife with chopsticks,Dragon design - Arensburg Antiik\" \/>\n<meta property=\"og:description\" content=\"Antique Chinese Trousse knife and chopsticks set,decorated with Dragon Size of the knife with scabbard 31 x 3 cm.Knife 25,5 x 2,5 x 1 cm\" \/>\n<meta property=\"og:url\" content=\"https:\/\/arensburgantiik.ee\/et\/item\/antique-chinese-trousse-knife-with-chopsticksdragon-design\/\" \/>\n<meta property=\"og:site_name\" content=\"Arensburg Antiik\" \/>\n<meta property=\"article:modified_time\" content=\"2025-03-03T19:55:03+00:00\" \/>\n<meta property=\"og:image\" content=\"https:\/\/arensburgantiik.ee\/wp-content\/uploads\/2025\/02\/IMG-20250303-WA0002.jpg\" \/>\n\t<meta property=\"og:image:width\" content=\"2048\" \/>\n\t<meta property=\"og:image:height\" content=\"2048\" \/>\n\t<meta property=\"og:image:type\" content=\"image\/jpeg\" \/>\n<meta name=\"twitter:card\" content=\"summary_large_image\" \/>\n<meta name=\"twitter:label1\" content=\"Est. reading time\" \/>\n\t<meta name=\"twitter:data1\" content=\"1 minut\" \/>\n<script type=\"application\/ld+json\" class=\"yoast-schema-graph\">{\"@context\":\"https:\/\/schema.org\",\"@graph\":[{\"@type\":\"WebPage\",\"@id\":\"https:\/\/arensburgantiik.ee\/item\/antique-chinese-trousse-knife-with-chopsticksdragon-design\/\",\"url\":\"https:\/\/arensburgantiik.ee\/item\/antique-chinese-trousse-knife-with-chopsticksdragon-design\/\",\"name\":\"Antique Chinese Trousse knife with chopsticks,Dragon design - Arensburg Antiik\",\"isPartOf\":{\"@id\":\"https:\/\/arensburgantiik.ee\/#website\"},\"primaryImageOfPage\":{\"@id\":\"https:\/\/arensburgantiik.ee\/item\/antique-chinese-trousse-knife-with-chopsticksdragon-design\/#primaryimage\"},\"image\":{\"@id\":\"https:\/\/arensburgantiik.ee\/item\/antique-chinese-trousse-knife-with-chopsticksdragon-design\/#primaryimage\"},\"thumbnailUrl\":\"https:\/\/arensburgantiik.ee\/wp-content\/uploads\/2025\/02\/IMG-20250303-WA0002.jpg\",\"datePublished\":\"2025-02-02T15:37:47+00:00\",\"dateModified\":\"2025-03-03T19:55:03+00:00\",\"breadcrumb\":{\"@id\":\"https:\/\/arensburgantiik.ee\/item\/antique-chinese-trousse-knife-with-chopsticksdragon-design\/#breadcrumb\"},\"inLanguage\":\"et\",\"potentialAction\":[{\"@type\":\"ReadAction\",\"target\":[\"https:\/\/arensburgantiik.ee\/item\/antique-chinese-trousse-knife-with-chopsticksdragon-design\/\"]}]},{\"@type\":\"ImageObject\",\"inLanguage\":\"et\",\"@id\":\"https:\/\/arensburgantiik.ee\/item\/antique-chinese-trousse-knife-with-chopsticksdragon-design\/#primaryimage\",\"url\":\"https:\/\/arensburgantiik.ee\/wp-content\/uploads\/2025\/02\/IMG-20250303-WA0002.jpg\",\"contentUrl\":\"https:\/\/arensburgantiik.ee\/wp-content\/uploads\/2025\/02\/IMG-20250303-WA0002.jpg\",\"width\":2048,\"height\":2048},{\"@type\":\"BreadcrumbList\",\"@id\":\"https:\/\/arensburgantiik.ee\/item\/antique-chinese-trousse-knife-with-chopsticksdragon-design\/#breadcrumb\",\"itemListElement\":[{\"@type\":\"ListItem\",\"position\":1,\"name\":\"Home\",\"item\":\"https:\/\/arensburgantiik.ee\/\"},{\"@type\":\"ListItem\",\"position\":2,\"name\":\"Shop\",\"item\":\"https:\/\/arensburgantiik.ee\/shop\/\"},{\"@type\":\"ListItem\",\"position\":3,\"name\":\"Antique Chinese Trousse knife with chopsticks,Dragon design\"}]},{\"@type\":\"WebSite\",\"@id\":\"https:\/\/arensburgantiik.ee\/#website\",\"url\":\"https:\/\/arensburgantiik.ee\/\",\"name\":\"Arensburg Antiik\",\"description\":\"The Antique Store in Kuressaare Old Town\",\"publisher\":{\"@id\":\"https:\/\/arensburgantiik.ee\/#organization\"},\"potentialAction\":[{\"@type\":\"SearchAction\",\"target\":{\"@type\":\"EntryPoint\",\"urlTemplate\":\"https:\/\/arensburgantiik.ee\/?s={search_term_string}\"},\"query-input\":{\"@type\":\"PropertyValueSpecification\",\"valueRequired\":true,\"valueName\":\"search_term_string\"}}],\"inLanguage\":\"et\"},{\"@type\":\"Organization\",\"@id\":\"https:\/\/arensburgantiik.ee\/#organization\",\"name\":\"Arensburg Antiik\",\"url\":\"https:\/\/arensburgantiik.ee\/\",\"logo\":{\"@type\":\"ImageObject\",\"inLanguage\":\"et\",\"@id\":\"https:\/\/arensburgantiik.ee\/#\/schema\/logo\/image\/\",\"url\":\"https:\/\/arensburgantiik.ee\/wp-content\/uploads\/2023\/12\/arensburg-1.png\",\"contentUrl\":\"https:\/\/arensburgantiik.ee\/wp-content\/uploads\/2023\/12\/arensburg-1.png\",\"width\":481,\"height\":113,\"caption\":\"Arensburg Antiik\"},\"image\":{\"@id\":\"https:\/\/arensburgantiik.ee\/#\/schema\/logo\/image\/\"}}]}<\/script>\n<!-- \/ Yoast SEO plugin. -->","yoast_head_json":{"title":"Antique Chinese Trousse knife with chopsticks,Dragon design - Arensburg Antiik","robots":{"index":"index","follow":"follow","max-snippet":"max-snippet:-1","max-image-preview":"max-image-preview:large","max-video-preview":"max-video-preview:-1"},"canonical":"https:\/\/arensburgantiik.ee\/et\/item\/antique-chinese-trousse-knife-with-chopsticksdragon-design\/","og_locale":"et_EE","og_type":"article","og_title":"Antique Chinese Trousse knife with chopsticks,Dragon design - Arensburg Antiik","og_description":"Antique Chinese Trousse knife and chopsticks set,decorated with Dragon Size of the knife with scabbard 31 x 3 cm.Knife 25,5 x 2,5 x 1 cm","og_url":"https:\/\/arensburgantiik.ee\/et\/item\/antique-chinese-trousse-knife-with-chopsticksdragon-design\/","og_site_name":"Arensburg Antiik","article_modified_time":"2025-03-03T19:55:03+00:00","og_image":[{"width":2048,"height":2048,"url":"https:\/\/arensburgantiik.ee\/wp-content\/uploads\/2025\/02\/IMG-20250303-WA0002.jpg","type":"image\/jpeg"}],"twitter_card":"summary_large_image","twitter_misc":{"Est. reading time":"1 minut"},"schema":{"@context":"https:\/\/schema.org","@graph":[{"@type":"WebPage","@id":"https:\/\/arensburgantiik.ee\/item\/antique-chinese-trousse-knife-with-chopsticksdragon-design\/","url":"https:\/\/arensburgantiik.ee\/item\/antique-chinese-trousse-knife-with-chopsticksdragon-design\/","name":"Antique Chinese Trousse knife with chopsticks,Dragon design - Arensburg Antiik","isPartOf":{"@id":"https:\/\/arensburgantiik.ee\/#website"},"primaryImageOfPage":{"@id":"https:\/\/arensburgantiik.ee\/item\/antique-chinese-trousse-knife-with-chopsticksdragon-design\/#primaryimage"},"image":{"@id":"https:\/\/arensburgantiik.ee\/item\/antique-chinese-trousse-knife-with-chopsticksdragon-design\/#primaryimage"},"thumbnailUrl":"https:\/\/arensburgantiik.ee\/wp-content\/uploads\/2025\/02\/IMG-20250303-WA0002.jpg","datePublished":"2025-02-02T15:37:47+00:00","dateModified":"2025-03-03T19:55:03+00:00","breadcrumb":{"@id":"https:\/\/arensburgantiik.ee\/item\/antique-chinese-trousse-knife-with-chopsticksdragon-design\/#breadcrumb"},"inLanguage":"et","potentialAction":[{"@type":"ReadAction","target":["https:\/\/arensburgantiik.ee\/item\/antique-chinese-trousse-knife-with-chopsticksdragon-design\/"]}]},{"@type":"ImageObject","inLanguage":"et","@id":"https:\/\/arensburgantiik.ee\/item\/antique-chinese-trousse-knife-with-chopsticksdragon-design\/#primaryimage","url":"https:\/\/arensburgantiik.ee\/wp-content\/uploads\/2025\/02\/IMG-20250303-WA0002.jpg","contentUrl":"https:\/\/arensburgantiik.ee\/wp-content\/uploads\/2025\/02\/IMG-20250303-WA0002.jpg","width":2048,"height":2048},{"@type":"BreadcrumbList","@id":"https:\/\/arensburgantiik.ee\/item\/antique-chinese-trousse-knife-with-chopsticksdragon-design\/#breadcrumb","itemListElement":[{"@type":"ListItem","position":1,"name":"Home","item":"https:\/\/arensburgantiik.ee\/"},{"@type":"ListItem","position":2,"name":"Shop","item":"https:\/\/arensburgantiik.ee\/shop\/"},{"@type":"ListItem","position":3,"name":"Antique Chinese Trousse knife with chopsticks,Dragon design"}]},{"@type":"WebSite","@id":"https:\/\/arensburgantiik.ee\/#website","url":"https:\/\/arensburgantiik.ee\/","name":"Arensburg Antiik","description":"The Antique Store in Kuressaare Old Town","publisher":{"@id":"https:\/\/arensburgantiik.ee\/#organization"},"potentialAction":[{"@type":"SearchAction","target":{"@type":"EntryPoint","urlTemplate":"https:\/\/arensburgantiik.ee\/?s={search_term_string}"},"query-input":{"@type":"PropertyValueSpecification","valueRequired":true,"valueName":"search_term_string"}}],"inLanguage":"et"},{"@type":"Organization","@id":"https:\/\/arensburgantiik.ee\/#organization","name":"Arensburg Antiik","url":"https:\/\/arensburgantiik.ee\/","logo":{"@type":"ImageObject","inLanguage":"et","@id":"https:\/\/arensburgantiik.ee\/#\/schema\/logo\/image\/","url":"https:\/\/arensburgantiik.ee\/wp-content\/uploads\/2023\/12\/arensburg-1.png","contentUrl":"https:\/\/arensburgantiik.ee\/wp-content\/uploads\/2023\/12\/arensburg-1.png","width":481,"height":113,"caption":"Arensburg Antiik"},"image":{"@id":"https:\/\/arensburgantiik.ee\/#\/schema\/logo\/image\/"}}]}},"_links":{"self":[{"href":"https:\/\/arensburgantiik.ee\/et\/wp-json\/wp\/v2\/product\/4315","targetHints":{"allow":["GET"]}}],"collection":[{"href":"https:\/\/arensburgantiik.ee\/et\/wp-json\/wp\/v2\/product"}],"about":[{"href":"https:\/\/arensburgantiik.ee\/et\/wp-json\/wp\/v2\/types\/product"}],"wp:featuredmedia":[{"embeddable":true,"href":"https:\/\/arensburgantiik.ee\/et\/wp-json\/wp\/v2\/media\/4557"}],"wp:attachment":[{"href":"https:\/\/arensburgantiik.ee\/et\/wp-json\/wp\/v2\/media?parent=4315"}],"wp:term":[{"taxonomy":"product_brand","embeddable":true,"href":"https:\/\/arensburgantiik.ee\/et\/wp-json\/wp\/v2\/product_brand?post=4315"},{"taxonomy":"product_cat","embeddable":true,"href":"https:\/\/arensburgantiik.ee\/et\/wp-json\/wp\/v2\/product_cat?post=4315"},{"taxonomy":"product_tag","embeddable":true,"href":"https:\/\/arensburgantiik.ee\/et\/wp-json\/wp\/v2\/product_tag?post=4315"}],"curies":[{"name":"wp","href":"https:\/\/api.w.org\/{rel}","templated":true}]}}