{"id":4523,"date":"2025-02-27T21:15:12","date_gmt":"2025-02-27T21:15:12","guid":{"rendered":"https:\/\/arensburgantiik.ee\/?post_type=product&#038;p=4523"},"modified":"2025-02-27T21:16:55","modified_gmt":"2025-02-27T21:16:55","slug":"antique-brass-and-fabric-floor-lamplate-19thc","status":"publish","type":"product","link":"https:\/\/arensburgantiik.ee\/et\/item\/antique-brass-and-fabric-floor-lamplate-19thc\/","title":{"rendered":"Antiikne pronksist p\u00f5randalamp,19 saj."},"content":{"rendered":"<p>Antiikne pronksist p\u00f5randalamp,19 saj.<\/p>\n<p>Need to be rewired<\/p>\n<p>Lambi k\u00f5rgus 155 cm<\/p>\n<p>Kupli l\u00e4bim\u00f5\u00f5t 51 cm<\/p>","protected":false},"excerpt":{"rendered":"<p>Antique brass and fabric floor lamp,late 19thC Need to be rewired Height 155 cm. Diameter of the shade 51 cm<\/p>","protected":false},"featured_media":4525,"template":"","meta":[],"product_brand":[],"product_cat":[56,110,114,37],"product_tag":[],"class_list":{"0":"post-4523","1":"product","2":"type-product","3":"status-publish","4":"has-post-thumbnail","6":"product_cat-new-arrivals","7":"product_cat-floor-lamps","8":"product_cat-all-lamps","9":"product_cat-lighting","11":"first","12":"instock","13":"shipping-taxable","14":"purchasable","15":"product-type-simple"},"yoast_head":"<!-- This site is optimized with the Yoast SEO plugin v24.9 - https:\/\/yoast.com\/wordpress\/plugins\/seo\/ -->\n<title>Antique brass and fabric floor lamp,late 19thC - Arensburg Antiik<\/title>\n<meta name=\"robots\" content=\"index, follow, max-snippet:-1, max-image-preview:large, max-video-preview:-1\" \/>\n<link rel=\"canonical\" href=\"https:\/\/arensburgantiik.ee\/et\/item\/antique-brass-and-fabric-floor-lamplate-19thc\/\" \/>\n<meta property=\"og:locale\" content=\"et_EE\" \/>\n<meta property=\"og:type\" content=\"article\" \/>\n<meta property=\"og:title\" content=\"Antique brass and fabric floor lamp,late 19thC - Arensburg Antiik\" \/>\n<meta property=\"og:description\" content=\"Antique brass and fabric floor lamp,late 19thC Need to be rewired Height 155 cm. Diameter of the shade 51 cm\" \/>\n<meta property=\"og:url\" content=\"https:\/\/arensburgantiik.ee\/et\/item\/antique-brass-and-fabric-floor-lamplate-19thc\/\" \/>\n<meta property=\"og:site_name\" content=\"Arensburg Antiik\" \/>\n<meta property=\"article:modified_time\" content=\"2025-02-27T21:16:55+00:00\" \/>\n<meta property=\"og:image\" content=\"https:\/\/arensburgantiik.ee\/wp-content\/uploads\/2025\/02\/IMG-20250227-WA0015.jpg\" \/>\n\t<meta property=\"og:image:width\" content=\"2024\" \/>\n\t<meta property=\"og:image:height\" content=\"2048\" \/>\n\t<meta property=\"og:image:type\" content=\"image\/jpeg\" \/>\n<meta name=\"twitter:card\" content=\"summary_large_image\" \/>\n<meta name=\"twitter:label1\" content=\"Est. reading time\" \/>\n\t<meta name=\"twitter:data1\" content=\"1 minut\" \/>\n<script type=\"application\/ld+json\" class=\"yoast-schema-graph\">{\"@context\":\"https:\/\/schema.org\",\"@graph\":[{\"@type\":\"WebPage\",\"@id\":\"https:\/\/arensburgantiik.ee\/item\/antique-brass-and-fabric-floor-lamplate-19thc\/\",\"url\":\"https:\/\/arensburgantiik.ee\/item\/antique-brass-and-fabric-floor-lamplate-19thc\/\",\"name\":\"Antique brass and fabric floor lamp,late 19thC - Arensburg Antiik\",\"isPartOf\":{\"@id\":\"https:\/\/arensburgantiik.ee\/#website\"},\"primaryImageOfPage\":{\"@id\":\"https:\/\/arensburgantiik.ee\/item\/antique-brass-and-fabric-floor-lamplate-19thc\/#primaryimage\"},\"image\":{\"@id\":\"https:\/\/arensburgantiik.ee\/item\/antique-brass-and-fabric-floor-lamplate-19thc\/#primaryimage\"},\"thumbnailUrl\":\"https:\/\/arensburgantiik.ee\/wp-content\/uploads\/2025\/02\/IMG-20250227-WA0015.jpg\",\"datePublished\":\"2025-02-27T21:15:12+00:00\",\"dateModified\":\"2025-02-27T21:16:55+00:00\",\"breadcrumb\":{\"@id\":\"https:\/\/arensburgantiik.ee\/item\/antique-brass-and-fabric-floor-lamplate-19thc\/#breadcrumb\"},\"inLanguage\":\"et\",\"potentialAction\":[{\"@type\":\"ReadAction\",\"target\":[\"https:\/\/arensburgantiik.ee\/item\/antique-brass-and-fabric-floor-lamplate-19thc\/\"]}]},{\"@type\":\"ImageObject\",\"inLanguage\":\"et\",\"@id\":\"https:\/\/arensburgantiik.ee\/item\/antique-brass-and-fabric-floor-lamplate-19thc\/#primaryimage\",\"url\":\"https:\/\/arensburgantiik.ee\/wp-content\/uploads\/2025\/02\/IMG-20250227-WA0015.jpg\",\"contentUrl\":\"https:\/\/arensburgantiik.ee\/wp-content\/uploads\/2025\/02\/IMG-20250227-WA0015.jpg\",\"width\":2024,\"height\":2048},{\"@type\":\"BreadcrumbList\",\"@id\":\"https:\/\/arensburgantiik.ee\/item\/antique-brass-and-fabric-floor-lamplate-19thc\/#breadcrumb\",\"itemListElement\":[{\"@type\":\"ListItem\",\"position\":1,\"name\":\"Home\",\"item\":\"https:\/\/arensburgantiik.ee\/\"},{\"@type\":\"ListItem\",\"position\":2,\"name\":\"Shop\",\"item\":\"https:\/\/arensburgantiik.ee\/shop\/\"},{\"@type\":\"ListItem\",\"position\":3,\"name\":\"Antique brass and fabric floor lamp,late 19thC\"}]},{\"@type\":\"WebSite\",\"@id\":\"https:\/\/arensburgantiik.ee\/#website\",\"url\":\"https:\/\/arensburgantiik.ee\/\",\"name\":\"Arensburg Antiik\",\"description\":\"The Antique Store in Kuressaare Old Town\",\"publisher\":{\"@id\":\"https:\/\/arensburgantiik.ee\/#organization\"},\"potentialAction\":[{\"@type\":\"SearchAction\",\"target\":{\"@type\":\"EntryPoint\",\"urlTemplate\":\"https:\/\/arensburgantiik.ee\/?s={search_term_string}\"},\"query-input\":{\"@type\":\"PropertyValueSpecification\",\"valueRequired\":true,\"valueName\":\"search_term_string\"}}],\"inLanguage\":\"et\"},{\"@type\":\"Organization\",\"@id\":\"https:\/\/arensburgantiik.ee\/#organization\",\"name\":\"Arensburg Antiik\",\"url\":\"https:\/\/arensburgantiik.ee\/\",\"logo\":{\"@type\":\"ImageObject\",\"inLanguage\":\"et\",\"@id\":\"https:\/\/arensburgantiik.ee\/#\/schema\/logo\/image\/\",\"url\":\"https:\/\/arensburgantiik.ee\/wp-content\/uploads\/2023\/12\/arensburg-1.png\",\"contentUrl\":\"https:\/\/arensburgantiik.ee\/wp-content\/uploads\/2023\/12\/arensburg-1.png\",\"width\":481,\"height\":113,\"caption\":\"Arensburg Antiik\"},\"image\":{\"@id\":\"https:\/\/arensburgantiik.ee\/#\/schema\/logo\/image\/\"}}]}<\/script>\n<!-- \/ Yoast SEO plugin. -->","yoast_head_json":{"title":"Antique brass and fabric floor lamp,late 19thC - Arensburg Antiik","robots":{"index":"index","follow":"follow","max-snippet":"max-snippet:-1","max-image-preview":"max-image-preview:large","max-video-preview":"max-video-preview:-1"},"canonical":"https:\/\/arensburgantiik.ee\/et\/item\/antique-brass-and-fabric-floor-lamplate-19thc\/","og_locale":"et_EE","og_type":"article","og_title":"Antique brass and fabric floor lamp,late 19thC - Arensburg Antiik","og_description":"Antique brass and fabric floor lamp,late 19thC Need to be rewired Height 155 cm. Diameter of the shade 51 cm","og_url":"https:\/\/arensburgantiik.ee\/et\/item\/antique-brass-and-fabric-floor-lamplate-19thc\/","og_site_name":"Arensburg Antiik","article_modified_time":"2025-02-27T21:16:55+00:00","og_image":[{"width":2024,"height":2048,"url":"https:\/\/arensburgantiik.ee\/wp-content\/uploads\/2025\/02\/IMG-20250227-WA0015.jpg","type":"image\/jpeg"}],"twitter_card":"summary_large_image","twitter_misc":{"Est. reading time":"1 minut"},"schema":{"@context":"https:\/\/schema.org","@graph":[{"@type":"WebPage","@id":"https:\/\/arensburgantiik.ee\/item\/antique-brass-and-fabric-floor-lamplate-19thc\/","url":"https:\/\/arensburgantiik.ee\/item\/antique-brass-and-fabric-floor-lamplate-19thc\/","name":"Antique brass and fabric floor lamp,late 19thC - Arensburg Antiik","isPartOf":{"@id":"https:\/\/arensburgantiik.ee\/#website"},"primaryImageOfPage":{"@id":"https:\/\/arensburgantiik.ee\/item\/antique-brass-and-fabric-floor-lamplate-19thc\/#primaryimage"},"image":{"@id":"https:\/\/arensburgantiik.ee\/item\/antique-brass-and-fabric-floor-lamplate-19thc\/#primaryimage"},"thumbnailUrl":"https:\/\/arensburgantiik.ee\/wp-content\/uploads\/2025\/02\/IMG-20250227-WA0015.jpg","datePublished":"2025-02-27T21:15:12+00:00","dateModified":"2025-02-27T21:16:55+00:00","breadcrumb":{"@id":"https:\/\/arensburgantiik.ee\/item\/antique-brass-and-fabric-floor-lamplate-19thc\/#breadcrumb"},"inLanguage":"et","potentialAction":[{"@type":"ReadAction","target":["https:\/\/arensburgantiik.ee\/item\/antique-brass-and-fabric-floor-lamplate-19thc\/"]}]},{"@type":"ImageObject","inLanguage":"et","@id":"https:\/\/arensburgantiik.ee\/item\/antique-brass-and-fabric-floor-lamplate-19thc\/#primaryimage","url":"https:\/\/arensburgantiik.ee\/wp-content\/uploads\/2025\/02\/IMG-20250227-WA0015.jpg","contentUrl":"https:\/\/arensburgantiik.ee\/wp-content\/uploads\/2025\/02\/IMG-20250227-WA0015.jpg","width":2024,"height":2048},{"@type":"BreadcrumbList","@id":"https:\/\/arensburgantiik.ee\/item\/antique-brass-and-fabric-floor-lamplate-19thc\/#breadcrumb","itemListElement":[{"@type":"ListItem","position":1,"name":"Home","item":"https:\/\/arensburgantiik.ee\/"},{"@type":"ListItem","position":2,"name":"Shop","item":"https:\/\/arensburgantiik.ee\/shop\/"},{"@type":"ListItem","position":3,"name":"Antique brass and fabric floor lamp,late 19thC"}]},{"@type":"WebSite","@id":"https:\/\/arensburgantiik.ee\/#website","url":"https:\/\/arensburgantiik.ee\/","name":"Arensburg Antiik","description":"The Antique Store in Kuressaare Old Town","publisher":{"@id":"https:\/\/arensburgantiik.ee\/#organization"},"potentialAction":[{"@type":"SearchAction","target":{"@type":"EntryPoint","urlTemplate":"https:\/\/arensburgantiik.ee\/?s={search_term_string}"},"query-input":{"@type":"PropertyValueSpecification","valueRequired":true,"valueName":"search_term_string"}}],"inLanguage":"et"},{"@type":"Organization","@id":"https:\/\/arensburgantiik.ee\/#organization","name":"Arensburg Antiik","url":"https:\/\/arensburgantiik.ee\/","logo":{"@type":"ImageObject","inLanguage":"et","@id":"https:\/\/arensburgantiik.ee\/#\/schema\/logo\/image\/","url":"https:\/\/arensburgantiik.ee\/wp-content\/uploads\/2023\/12\/arensburg-1.png","contentUrl":"https:\/\/arensburgantiik.ee\/wp-content\/uploads\/2023\/12\/arensburg-1.png","width":481,"height":113,"caption":"Arensburg Antiik"},"image":{"@id":"https:\/\/arensburgantiik.ee\/#\/schema\/logo\/image\/"}}]}},"_links":{"self":[{"href":"https:\/\/arensburgantiik.ee\/et\/wp-json\/wp\/v2\/product\/4523","targetHints":{"allow":["GET"]}}],"collection":[{"href":"https:\/\/arensburgantiik.ee\/et\/wp-json\/wp\/v2\/product"}],"about":[{"href":"https:\/\/arensburgantiik.ee\/et\/wp-json\/wp\/v2\/types\/product"}],"wp:featuredmedia":[{"embeddable":true,"href":"https:\/\/arensburgantiik.ee\/et\/wp-json\/wp\/v2\/media\/4525"}],"wp:attachment":[{"href":"https:\/\/arensburgantiik.ee\/et\/wp-json\/wp\/v2\/media?parent=4523"}],"wp:term":[{"taxonomy":"product_brand","embeddable":true,"href":"https:\/\/arensburgantiik.ee\/et\/wp-json\/wp\/v2\/product_brand?post=4523"},{"taxonomy":"product_cat","embeddable":true,"href":"https:\/\/arensburgantiik.ee\/et\/wp-json\/wp\/v2\/product_cat?post=4523"},{"taxonomy":"product_tag","embeddable":true,"href":"https:\/\/arensburgantiik.ee\/et\/wp-json\/wp\/v2\/product_tag?post=4523"}],"curies":[{"name":"wp","href":"https:\/\/api.w.org\/{rel}","templated":true}]}}