{"id":4957,"date":"2025-04-25T08:37:15","date_gmt":"2025-04-25T06:37:15","guid":{"rendered":"https:\/\/arensburgantiik.ee\/?post_type=product&#038;p=4957"},"modified":"2025-07-25T17:36:38","modified_gmt":"2025-07-25T15:36:38","slug":"antique-murano-gilt-cobalt-glass-vase-19thc","status":"publish","type":"product","link":"https:\/\/arensburgantiik.ee\/et\/item\/antique-murano-gilt-cobalt-glass-vase-19thc\/","title":{"rendered":"Antique Russian Imperial Glass Factory,gilt cobalt vase,,Russian Fairy Tale,,1860\/1870"},"content":{"rendered":"<p>Antique Russian Imperial Glass Factory,gilt cobalt vase,,Russian Fairy Tale,,1860\/1870<br \/>\nFiligree glass rim,overall in excellent condition<br \/>\nVaasi k\u00f5rgus 30 cm,l\u00e4bim\u00f5\u00f5t 15,5 cm<\/p>\n<p>&nbsp;<\/p>\n<p>Similar vase (last photo included) available on Moscow Turandot Gallery:<br \/>\n<a href=\"https:\/\/turandot-antique.ru\/catalog\/podarki\/vaza-quot-russkaya-skazka-quot-isz\/\">https:\/\/turandot-antique.ru\/catalog\/podarki\/vaza-quot-russkaya-skazka-quot-isz\/<\/a><\/p>\n<h1>\u0412\u0430\u0437\u0430 &#8220;\u0420\u0443\u0441\u0441\u043a\u0430\u044f \u0441\u043a\u0430\u0437\u043a\u0430&#8221;<\/h1>\n<div>\n<p class=\"dopdesc\">\u0420\u043e\u0441\u0441\u0438\u044f, \u0418\u0421\u0417, 1860-\u0435 \u0433\u043e\u0434\u044b<br \/>\n\u0410\u0440\u0442. 1549<br \/>\n\u043a\u043e\u0431\u0430\u043b\u044c\u0442\u043e\u0432\u043e\u0435 \u0441\u0442\u0435\u043a\u043b\u043e, \u0440\u043e\u0441\u043f\u0438\u0441\u044c \u0437\u043e\u043b\u043e\u0442\u043e\u043c<br \/>\n\u0420\u0430\u0437\u043c\u0435\u0440\u044b: \u0432\u044b\u0441\u043e\u0442\u0430 25,5 \u0441\u043c<\/p>\n<h2>\u0410\u043d\u0442\u0438\u043a\u0432\u0430\u0440\u043d\u0430\u044f \u0432\u0430\u0437\u0430 \u0438\u0437 \u0441\u0442\u0435\u043a\u043b\u0430 \u0441 \u043e\u0440\u043d\u0430\u043c\u0435\u043d\u0442\u0430\u043b\u044c\u043d\u043e\u0439 \u0440\u043e\u0441\u043f\u0438\u0441\u044c\u044e<\/h2>\n<p>\u0412\u0430\u0437\u0430 \u043e\u0432\u043e\u0438\u0434\u043d\u043e\u0439 \u0444\u043e\u0440\u043c\u044b, \u0441 \u0432\u044b\u0441\u043e\u043a\u0438\u043c \u0433\u043e\u0440\u043b\u043e\u043c, \u0441 \u0440\u0430\u0441\u0448\u0438\u0440\u0435\u043d\u043d\u044b\u043c \u0440\u0430\u0441\u0442\u0440\u0443\u0431\u043e\u043c \u0441\u043e\u0437\u0434\u0430\u043d\u0430 \u0438\u0437 \u043f\u0440\u043e\u0437\u0440\u0430\u0447\u043d\u043e\u0433\u043e \u0441\u0442\u0435\u043a\u043b\u0430 \u0433\u0443\u0441\u0442\u043e\u0433\u043e \u0441\u0438\u043d\u0435\u0433\u043e \u0446\u0432\u0435\u0442\u0430.<\/p>\n<p>\u041f\u043e\u0432\u0435\u0440\u0445\u043d\u043e\u0441\u0442\u044c \u043a\u043e\u0440\u043f\u0443\u0441\u0430 \u0438 \u0433\u043e\u0440\u043b\u0430 \u0434\u0435\u043a\u043e\u0440\u0438\u0440\u043e\u0432\u0430\u043d\u044b \u00ab\u043a\u043e\u0432\u0440\u043e\u0432\u043e\u0439\u00bb \u043e\u0440\u043d\u0430\u043c\u0435\u043d\u0442\u0430\u043b\u044c\u043d\u043e\u0439 \u0440\u043e\u0441\u043f\u0438\u0441\u044c\u044e \u0437\u043e\u043b\u043e\u0442\u043e\u043c \u0441 \u0432\u043a\u043b\u044e\u0447\u0435\u043d\u0438\u0435\u043c \u0432 \u043a\u043e\u043c\u043f\u043e\u0437\u0438\u0446\u0438\u044e \u043a\u0440\u0443\u043f\u043d\u044b\u0445 \u0444\u0438\u0433\u0443\u0440 \u043f\u0442\u0438\u0446 (\u0432\u044b\u043f\u043e\u043b\u043d\u0435\u043d\u0430 \u0431\u0435\u0437 \u044d\u043c\u0430\u043b\u0435\u0432\u043e\u0439 \u043f\u043e\u0434\u043a\u043b\u0430\u0434\u043a\u0438). \u0414\u043b\u044f \u0434\u0435\u0442\u0430\u043b\u0438\u0437\u0430\u0446\u0438\u0438 \u0438\u0437\u043e\u0431\u0440\u0430\u0436\u0435\u043d\u0438\u044f \u043f\u0440\u0438\u043c\u0435\u043d\u0435\u043d\u0430 \u0446\u0438\u0440\u043e\u0432\u043a\u0430. \u0412\u0435\u043d\u0447\u0438\u043a \u0433\u043e\u0440\u043b\u0430 \u0443\u043a\u0440\u0430\u0448\u0435\u043d \u0444\u0438\u043b\u0438\u0433\u0440\u0430\u043d\u043d\u044b\u043c \u0436\u0433\u0443\u0442\u043e\u043c.<\/p>\n<p>\u0412 \u0434\u0435\u043a\u043e\u0440\u0430\u0442\u0438\u0432\u043d\u043e\u043c \u0440\u0435\u0448\u0435\u043d\u0438\u0438 \u0440\u043e\u0441\u043f\u0438\u0441\u0438 \u0430\u043d\u0442\u0438\u043a\u0432\u0430\u0440\u043d\u043e\u0439 \u0432\u0430\u0437\u044b \u0434\u043e\u043c\u0438\u043d\u0438\u0440\u0443\u0435\u0442 \u0441\u0432\u044f\u0437\u044c \u0441 \u0434\u0440\u0435\u0432\u043d\u0438\u043c\u0438 \u043d\u0430\u0446\u0438\u043e\u043d\u0430\u043b\u044c\u043d\u044b\u043c\u0438 \u0445\u0443\u0434\u043e\u0436\u0435\u0441\u0442\u0432\u0435\u043d\u043d\u044b\u043c\u0438 \u0442\u0440\u0430\u0434\u0438\u0446\u0438\u044f\u043c\u0438, \u043f\u043e\u044d\u0442\u043e\u043c\u0443 \u0435\u0441\u0442\u044c \u0432\u0441\u0435 \u043e\u0441\u043d\u043e\u0432\u0430\u043d\u0438\u044f \u0441\u0447\u0438\u0442\u0430\u0442\u044c, \u0447\u0442\u043e \u0432\u0430\u0437\u0430 \u0431\u044b\u043b\u0430 \u0441\u043e\u0437\u0434\u0430\u043d\u0430 \u0432 \u044d\u043f\u043e\u0445\u0443 \u0438\u0441\u0442\u043e\u0440\u0438\u0437\u043c\u0430 \u0432 \u0440\u0443\u0441\u043b\u0435 \u0440\u0430\u0437\u0432\u0438\u0442\u0438\u044f, \u0442\u0430\u043a \u043d\u0430\u0437\u044b\u0432\u0430\u0435\u043c\u043e\u0433\u043e, \u0440\u0443\u0441\u0441\u043a\u043e\u0433\u043e \u0441\u0442\u0438\u043b\u044f, \u043a\u043e\u0433\u0434\u0430 \u0432 \u043e\u0442\u0435\u0447\u0435\u0441\u0442\u0432\u0435\u043d\u043d\u043e\u0439 \u043a\u0443\u043b\u044c\u0442\u0443\u0440\u0435 \u043e\u0441\u043e\u0431\u0435\u043d\u043d\u043e \u043f\u043e\u043f\u0443\u043b\u044f\u0440\u043d\u043e\u0439 \u0441\u0442\u0430\u043d\u043e\u0432\u0438\u0442\u0441\u044f \u044d\u043c\u0430\u043b\u0435\u0432\u0430\u044f \u0436\u0438\u0432\u043e\u043f\u0438\u0441\u044c \u043d\u0430 \u043c\u0435\u0442\u0430\u043b\u043b\u0435 \u0432 \u0434\u0443\u0445\u0435 18 \u0432\u0435\u043a\u0430.<\/p>\n<\/div>","protected":false},"excerpt":{"rendered":"<p>Antique Russian Imperial Glass Factory,gilt cobalt vase,,Russian Fairy Tale,,1860\/1870 Filigree glass rim,overall in excellent condition Diam of the vase 15,5 cm.Height 30 cm &nbsp; Similar vase (last photo included) available on Moscow Turandot Gallery: https:\/\/turandot-antique.ru\/catalog\/podarki\/vaza-quot-russkaya-skazka-quot-isz\/ \u0412\u0430\u0437\u0430 &#8220;\u0420\u0443\u0441\u0441\u043a\u0430\u044f \u0441\u043a\u0430\u0437\u043a\u0430&#8221; \u0420\u043e\u0441\u0441\u0438\u044f, \u0418\u0421\u0417, 1860-\u0435 \u0433\u043e\u0434\u044b \u0410\u0440\u0442. 1549 \u043a\u043e\u0431\u0430\u043b\u044c\u0442\u043e\u0432\u043e\u0435 \u0441\u0442\u0435\u043a\u043b\u043e, \u0440\u043e\u0441\u043f\u0438\u0441\u044c \u0437\u043e\u043b\u043e\u0442\u043e\u043c \u0420\u0430\u0437\u043c\u0435\u0440\u044b: \u0432\u044b\u0441\u043e\u0442\u0430 [&hellip;]<\/p>","protected":false},"featured_media":4983,"template":"","meta":[],"product_brand":[],"product_cat":[56,115,161,172,117,174,165],"product_tag":[],"class_list":{"0":"post-4957","1":"product","2":"type-product","3":"status-publish","4":"has-post-thumbnail","6":"product_cat-new-arrivals","7":"product_cat-decorative-objects","8":"product_cat-glass-porcelain","9":"product_cat-other-glass-items","10":"product_cat-vases-vessels","11":"product_cat-all-glass-porcelain","12":"product_cat-vases","14":"first","15":"instock","16":"shipping-taxable","17":"product-type-simple"},"yoast_head":"<!-- This site is optimized with the Yoast SEO plugin v24.9 - https:\/\/yoast.com\/wordpress\/plugins\/seo\/ -->\n<title>Antique Russian Imperial Glass Factory,gilt cobalt vase,,Russian Fairy Tale,,1860\/1870 - Arensburg Antiik<\/title>\n<meta name=\"robots\" content=\"index, follow, max-snippet:-1, max-image-preview:large, max-video-preview:-1\" \/>\n<link rel=\"canonical\" href=\"https:\/\/arensburgantiik.ee\/et\/item\/antique-murano-gilt-cobalt-glass-vase-19thc\/\" \/>\n<meta property=\"og:locale\" content=\"et_EE\" \/>\n<meta property=\"og:type\" content=\"article\" \/>\n<meta property=\"og:title\" content=\"Antique Russian Imperial Glass Factory,gilt cobalt vase,,Russian Fairy Tale,,1860\/1870 - Arensburg Antiik\" \/>\n<meta property=\"og:description\" content=\"Antique Russian Imperial Glass Factory,gilt cobalt vase,,Russian Fairy Tale,,1860\/1870 Filigree glass rim,overall in excellent condition Diam of the vase 15,5 cm.Height 30 cm &nbsp; Similar vase (last photo included) available on Moscow Turandot Gallery: https:\/\/turandot-antique.ru\/catalog\/podarki\/vaza-quot-russkaya-skazka-quot-isz\/ \u0412\u0430\u0437\u0430 &#8220;\u0420\u0443\u0441\u0441\u043a\u0430\u044f \u0441\u043a\u0430\u0437\u043a\u0430&#8221; \u0420\u043e\u0441\u0441\u0438\u044f, \u0418\u0421\u0417, 1860-\u0435 \u0433\u043e\u0434\u044b \u0410\u0440\u0442. 1549 \u043a\u043e\u0431\u0430\u043b\u044c\u0442\u043e\u0432\u043e\u0435 \u0441\u0442\u0435\u043a\u043b\u043e, \u0440\u043e\u0441\u043f\u0438\u0441\u044c \u0437\u043e\u043b\u043e\u0442\u043e\u043c \u0420\u0430\u0437\u043c\u0435\u0440\u044b: \u0432\u044b\u0441\u043e\u0442\u0430 [&hellip;]\" \/>\n<meta property=\"og:url\" content=\"https:\/\/arensburgantiik.ee\/et\/item\/antique-murano-gilt-cobalt-glass-vase-19thc\/\" \/>\n<meta property=\"og:site_name\" content=\"Arensburg Antiik\" \/>\n<meta property=\"article:modified_time\" content=\"2025-07-25T15:36:38+00:00\" \/>\n<meta property=\"og:image\" content=\"https:\/\/arensburgantiik.ee\/wp-content\/uploads\/2025\/04\/IMG-20250428-WA0000.jpg\" \/>\n\t<meta property=\"og:image:width\" content=\"1473\" \/>\n\t<meta property=\"og:image:height\" content=\"1599\" \/>\n\t<meta property=\"og:image:type\" content=\"image\/jpeg\" \/>\n<meta name=\"twitter:card\" content=\"summary_large_image\" \/>\n<meta name=\"twitter:label1\" content=\"Est. reading time\" \/>\n\t<meta name=\"twitter:data1\" content=\"1 minut\" \/>\n<script type=\"application\/ld+json\" class=\"yoast-schema-graph\">{\"@context\":\"https:\/\/schema.org\",\"@graph\":[{\"@type\":\"WebPage\",\"@id\":\"https:\/\/arensburgantiik.ee\/item\/antique-murano-gilt-cobalt-glass-vase-19thc\/\",\"url\":\"https:\/\/arensburgantiik.ee\/item\/antique-murano-gilt-cobalt-glass-vase-19thc\/\",\"name\":\"Antique Russian Imperial Glass Factory,gilt cobalt vase,,Russian Fairy Tale,,1860\/1870 - Arensburg Antiik\",\"isPartOf\":{\"@id\":\"https:\/\/arensburgantiik.ee\/#website\"},\"primaryImageOfPage\":{\"@id\":\"https:\/\/arensburgantiik.ee\/item\/antique-murano-gilt-cobalt-glass-vase-19thc\/#primaryimage\"},\"image\":{\"@id\":\"https:\/\/arensburgantiik.ee\/item\/antique-murano-gilt-cobalt-glass-vase-19thc\/#primaryimage\"},\"thumbnailUrl\":\"https:\/\/arensburgantiik.ee\/wp-content\/uploads\/2025\/04\/IMG-20250428-WA0000.jpg\",\"datePublished\":\"2025-04-25T06:37:15+00:00\",\"dateModified\":\"2025-07-25T15:36:38+00:00\",\"breadcrumb\":{\"@id\":\"https:\/\/arensburgantiik.ee\/item\/antique-murano-gilt-cobalt-glass-vase-19thc\/#breadcrumb\"},\"inLanguage\":\"et\",\"potentialAction\":[{\"@type\":\"ReadAction\",\"target\":[\"https:\/\/arensburgantiik.ee\/item\/antique-murano-gilt-cobalt-glass-vase-19thc\/\"]}]},{\"@type\":\"ImageObject\",\"inLanguage\":\"et\",\"@id\":\"https:\/\/arensburgantiik.ee\/item\/antique-murano-gilt-cobalt-glass-vase-19thc\/#primaryimage\",\"url\":\"https:\/\/arensburgantiik.ee\/wp-content\/uploads\/2025\/04\/IMG-20250428-WA0000.jpg\",\"contentUrl\":\"https:\/\/arensburgantiik.ee\/wp-content\/uploads\/2025\/04\/IMG-20250428-WA0000.jpg\",\"width\":1473,\"height\":1599},{\"@type\":\"BreadcrumbList\",\"@id\":\"https:\/\/arensburgantiik.ee\/item\/antique-murano-gilt-cobalt-glass-vase-19thc\/#breadcrumb\",\"itemListElement\":[{\"@type\":\"ListItem\",\"position\":1,\"name\":\"Home\",\"item\":\"https:\/\/arensburgantiik.ee\/\"},{\"@type\":\"ListItem\",\"position\":2,\"name\":\"Shop\",\"item\":\"https:\/\/arensburgantiik.ee\/shop\/\"},{\"@type\":\"ListItem\",\"position\":3,\"name\":\"Antique Russian Imperial Glass Factory,gilt cobalt vase,,Russian Fairy Tale,,1860\/1870\"}]},{\"@type\":\"WebSite\",\"@id\":\"https:\/\/arensburgantiik.ee\/#website\",\"url\":\"https:\/\/arensburgantiik.ee\/\",\"name\":\"Arensburg Antiik\",\"description\":\"The Antique Store in Kuressaare Old Town\",\"publisher\":{\"@id\":\"https:\/\/arensburgantiik.ee\/#organization\"},\"potentialAction\":[{\"@type\":\"SearchAction\",\"target\":{\"@type\":\"EntryPoint\",\"urlTemplate\":\"https:\/\/arensburgantiik.ee\/?s={search_term_string}\"},\"query-input\":{\"@type\":\"PropertyValueSpecification\",\"valueRequired\":true,\"valueName\":\"search_term_string\"}}],\"inLanguage\":\"et\"},{\"@type\":\"Organization\",\"@id\":\"https:\/\/arensburgantiik.ee\/#organization\",\"name\":\"Arensburg Antiik\",\"url\":\"https:\/\/arensburgantiik.ee\/\",\"logo\":{\"@type\":\"ImageObject\",\"inLanguage\":\"et\",\"@id\":\"https:\/\/arensburgantiik.ee\/#\/schema\/logo\/image\/\",\"url\":\"https:\/\/arensburgantiik.ee\/wp-content\/uploads\/2023\/12\/arensburg-1.png\",\"contentUrl\":\"https:\/\/arensburgantiik.ee\/wp-content\/uploads\/2023\/12\/arensburg-1.png\",\"width\":481,\"height\":113,\"caption\":\"Arensburg Antiik\"},\"image\":{\"@id\":\"https:\/\/arensburgantiik.ee\/#\/schema\/logo\/image\/\"}}]}<\/script>\n<!-- \/ Yoast SEO plugin. -->","yoast_head_json":{"title":"Antique Russian Imperial Glass Factory,gilt cobalt vase,,Russian Fairy Tale,,1860\/1870 - Arensburg Antiik","robots":{"index":"index","follow":"follow","max-snippet":"max-snippet:-1","max-image-preview":"max-image-preview:large","max-video-preview":"max-video-preview:-1"},"canonical":"https:\/\/arensburgantiik.ee\/et\/item\/antique-murano-gilt-cobalt-glass-vase-19thc\/","og_locale":"et_EE","og_type":"article","og_title":"Antique Russian Imperial Glass Factory,gilt cobalt vase,,Russian Fairy Tale,,1860\/1870 - Arensburg Antiik","og_description":"Antique Russian Imperial Glass Factory,gilt cobalt vase,,Russian Fairy Tale,,1860\/1870 Filigree glass rim,overall in excellent condition Diam of the vase 15,5 cm.Height 30 cm &nbsp; Similar vase (last photo included) available on Moscow Turandot Gallery: https:\/\/turandot-antique.ru\/catalog\/podarki\/vaza-quot-russkaya-skazka-quot-isz\/ \u0412\u0430\u0437\u0430 &#8220;\u0420\u0443\u0441\u0441\u043a\u0430\u044f \u0441\u043a\u0430\u0437\u043a\u0430&#8221; \u0420\u043e\u0441\u0441\u0438\u044f, \u0418\u0421\u0417, 1860-\u0435 \u0433\u043e\u0434\u044b \u0410\u0440\u0442. 1549 \u043a\u043e\u0431\u0430\u043b\u044c\u0442\u043e\u0432\u043e\u0435 \u0441\u0442\u0435\u043a\u043b\u043e, \u0440\u043e\u0441\u043f\u0438\u0441\u044c \u0437\u043e\u043b\u043e\u0442\u043e\u043c \u0420\u0430\u0437\u043c\u0435\u0440\u044b: \u0432\u044b\u0441\u043e\u0442\u0430 [&hellip;]","og_url":"https:\/\/arensburgantiik.ee\/et\/item\/antique-murano-gilt-cobalt-glass-vase-19thc\/","og_site_name":"Arensburg Antiik","article_modified_time":"2025-07-25T15:36:38+00:00","og_image":[{"width":1473,"height":1599,"url":"https:\/\/arensburgantiik.ee\/wp-content\/uploads\/2025\/04\/IMG-20250428-WA0000.jpg","type":"image\/jpeg"}],"twitter_card":"summary_large_image","twitter_misc":{"Est. reading time":"1 minut"},"schema":{"@context":"https:\/\/schema.org","@graph":[{"@type":"WebPage","@id":"https:\/\/arensburgantiik.ee\/item\/antique-murano-gilt-cobalt-glass-vase-19thc\/","url":"https:\/\/arensburgantiik.ee\/item\/antique-murano-gilt-cobalt-glass-vase-19thc\/","name":"Antique Russian Imperial Glass Factory,gilt cobalt vase,,Russian Fairy Tale,,1860\/1870 - Arensburg Antiik","isPartOf":{"@id":"https:\/\/arensburgantiik.ee\/#website"},"primaryImageOfPage":{"@id":"https:\/\/arensburgantiik.ee\/item\/antique-murano-gilt-cobalt-glass-vase-19thc\/#primaryimage"},"image":{"@id":"https:\/\/arensburgantiik.ee\/item\/antique-murano-gilt-cobalt-glass-vase-19thc\/#primaryimage"},"thumbnailUrl":"https:\/\/arensburgantiik.ee\/wp-content\/uploads\/2025\/04\/IMG-20250428-WA0000.jpg","datePublished":"2025-04-25T06:37:15+00:00","dateModified":"2025-07-25T15:36:38+00:00","breadcrumb":{"@id":"https:\/\/arensburgantiik.ee\/item\/antique-murano-gilt-cobalt-glass-vase-19thc\/#breadcrumb"},"inLanguage":"et","potentialAction":[{"@type":"ReadAction","target":["https:\/\/arensburgantiik.ee\/item\/antique-murano-gilt-cobalt-glass-vase-19thc\/"]}]},{"@type":"ImageObject","inLanguage":"et","@id":"https:\/\/arensburgantiik.ee\/item\/antique-murano-gilt-cobalt-glass-vase-19thc\/#primaryimage","url":"https:\/\/arensburgantiik.ee\/wp-content\/uploads\/2025\/04\/IMG-20250428-WA0000.jpg","contentUrl":"https:\/\/arensburgantiik.ee\/wp-content\/uploads\/2025\/04\/IMG-20250428-WA0000.jpg","width":1473,"height":1599},{"@type":"BreadcrumbList","@id":"https:\/\/arensburgantiik.ee\/item\/antique-murano-gilt-cobalt-glass-vase-19thc\/#breadcrumb","itemListElement":[{"@type":"ListItem","position":1,"name":"Home","item":"https:\/\/arensburgantiik.ee\/"},{"@type":"ListItem","position":2,"name":"Shop","item":"https:\/\/arensburgantiik.ee\/shop\/"},{"@type":"ListItem","position":3,"name":"Antique Russian Imperial Glass Factory,gilt cobalt vase,,Russian Fairy Tale,,1860\/1870"}]},{"@type":"WebSite","@id":"https:\/\/arensburgantiik.ee\/#website","url":"https:\/\/arensburgantiik.ee\/","name":"Arensburg Antiik","description":"The Antique Store in Kuressaare Old Town","publisher":{"@id":"https:\/\/arensburgantiik.ee\/#organization"},"potentialAction":[{"@type":"SearchAction","target":{"@type":"EntryPoint","urlTemplate":"https:\/\/arensburgantiik.ee\/?s={search_term_string}"},"query-input":{"@type":"PropertyValueSpecification","valueRequired":true,"valueName":"search_term_string"}}],"inLanguage":"et"},{"@type":"Organization","@id":"https:\/\/arensburgantiik.ee\/#organization","name":"Arensburg Antiik","url":"https:\/\/arensburgantiik.ee\/","logo":{"@type":"ImageObject","inLanguage":"et","@id":"https:\/\/arensburgantiik.ee\/#\/schema\/logo\/image\/","url":"https:\/\/arensburgantiik.ee\/wp-content\/uploads\/2023\/12\/arensburg-1.png","contentUrl":"https:\/\/arensburgantiik.ee\/wp-content\/uploads\/2023\/12\/arensburg-1.png","width":481,"height":113,"caption":"Arensburg Antiik"},"image":{"@id":"https:\/\/arensburgantiik.ee\/#\/schema\/logo\/image\/"}}]}},"_links":{"self":[{"href":"https:\/\/arensburgantiik.ee\/et\/wp-json\/wp\/v2\/product\/4957","targetHints":{"allow":["GET"]}}],"collection":[{"href":"https:\/\/arensburgantiik.ee\/et\/wp-json\/wp\/v2\/product"}],"about":[{"href":"https:\/\/arensburgantiik.ee\/et\/wp-json\/wp\/v2\/types\/product"}],"wp:featuredmedia":[{"embeddable":true,"href":"https:\/\/arensburgantiik.ee\/et\/wp-json\/wp\/v2\/media\/4983"}],"wp:attachment":[{"href":"https:\/\/arensburgantiik.ee\/et\/wp-json\/wp\/v2\/media?parent=4957"}],"wp:term":[{"taxonomy":"product_brand","embeddable":true,"href":"https:\/\/arensburgantiik.ee\/et\/wp-json\/wp\/v2\/product_brand?post=4957"},{"taxonomy":"product_cat","embeddable":true,"href":"https:\/\/arensburgantiik.ee\/et\/wp-json\/wp\/v2\/product_cat?post=4957"},{"taxonomy":"product_tag","embeddable":true,"href":"https:\/\/arensburgantiik.ee\/et\/wp-json\/wp\/v2\/product_tag?post=4957"}],"curies":[{"name":"wp","href":"https:\/\/api.w.org\/{rel}","templated":true}]}}