{"id":5367,"date":"2026-02-18T11:01:52","date_gmt":"2026-02-18T09:01:52","guid":{"rendered":"https:\/\/arensburgantiik.ee\/?post_type=product&#038;p=5367"},"modified":"2026-02-18T11:06:11","modified_gmt":"2026-02-18T09:06:11","slug":"antique-pressure-gauge-from-divers-ship","status":"publish","type":"product","link":"https:\/\/arensburgantiik.ee\/et\/item\/antique-pressure-gauge-from-divers-ship\/","title":{"rendered":"Antiikne manomeeter tuukrilaevalt,20 saj. algus"},"content":{"rendered":"<p>Antiikne manomeeter tuukrilaevalt,20 saj. algus<\/p>\n<p>Manomeetri l\u00e4bim\u00f5\u00f5t 12,4 cm,k\u00f5rgus 5 cm<\/p>","protected":false},"excerpt":{"rendered":"<p>Antique pressure gauge from the Imperial Russian dive ship,early 20thC Size of the item 12,5 x 5 cm<\/p>","protected":false},"featured_media":5368,"template":"","meta":[],"product_brand":[],"product_cat":[56,152,184,187],"product_tag":[],"class_list":{"0":"post-5367","1":"product","2":"type-product","3":"status-publish","4":"has-post-thumbnail","6":"product_cat-new-arrivals","7":"product_cat-collectibles","8":"product_cat-marine","9":"product_cat-science-and-medicine","11":"first","12":"instock","13":"shipping-taxable","14":"purchasable","15":"product-type-simple"},"yoast_head":"<!-- This site is optimized with the Yoast SEO plugin v24.9 - https:\/\/yoast.com\/wordpress\/plugins\/seo\/ -->\n<title>Antique pressure gauge from dive ship,early 20thC - Arensburg Antiik<\/title>\n<meta name=\"robots\" content=\"index, follow, max-snippet:-1, max-image-preview:large, max-video-preview:-1\" \/>\n<link rel=\"canonical\" href=\"https:\/\/arensburgantiik.ee\/et\/item\/antique-pressure-gauge-from-divers-ship\/\" \/>\n<meta property=\"og:locale\" content=\"et_EE\" \/>\n<meta property=\"og:type\" content=\"article\" \/>\n<meta property=\"og:title\" content=\"Antique pressure gauge from dive ship,early 20thC - Arensburg Antiik\" \/>\n<meta property=\"og:description\" content=\"Antique pressure gauge from the Imperial Russian dive ship,early 20thC Size of the item 12,5 x 5 cm\" \/>\n<meta property=\"og:url\" content=\"https:\/\/arensburgantiik.ee\/et\/item\/antique-pressure-gauge-from-divers-ship\/\" \/>\n<meta property=\"og:site_name\" content=\"Arensburg Antiik\" \/>\n<meta property=\"article:modified_time\" content=\"2026-02-18T09:06:11+00:00\" \/>\n<meta property=\"og:image\" content=\"https:\/\/arensburgantiik.ee\/wp-content\/uploads\/2026\/02\/IMG-20251126-WA0036.jpg\" \/>\n\t<meta property=\"og:image:width\" content=\"1373\" \/>\n\t<meta property=\"og:image:height\" content=\"1373\" \/>\n\t<meta property=\"og:image:type\" content=\"image\/jpeg\" \/>\n<meta name=\"twitter:card\" content=\"summary_large_image\" \/>\n<meta name=\"twitter:label1\" content=\"Est. reading time\" \/>\n\t<meta name=\"twitter:data1\" content=\"1 minut\" \/>\n<script type=\"application\/ld+json\" class=\"yoast-schema-graph\">{\"@context\":\"https:\/\/schema.org\",\"@graph\":[{\"@type\":\"WebPage\",\"@id\":\"https:\/\/arensburgantiik.ee\/item\/antique-pressure-gauge-from-divers-ship\/\",\"url\":\"https:\/\/arensburgantiik.ee\/item\/antique-pressure-gauge-from-divers-ship\/\",\"name\":\"Antique pressure gauge from dive ship,early 20thC - Arensburg Antiik\",\"isPartOf\":{\"@id\":\"https:\/\/arensburgantiik.ee\/#website\"},\"primaryImageOfPage\":{\"@id\":\"https:\/\/arensburgantiik.ee\/item\/antique-pressure-gauge-from-divers-ship\/#primaryimage\"},\"image\":{\"@id\":\"https:\/\/arensburgantiik.ee\/item\/antique-pressure-gauge-from-divers-ship\/#primaryimage\"},\"thumbnailUrl\":\"https:\/\/arensburgantiik.ee\/wp-content\/uploads\/2026\/02\/IMG-20251126-WA0036.jpg\",\"datePublished\":\"2026-02-18T09:01:52+00:00\",\"dateModified\":\"2026-02-18T09:06:11+00:00\",\"breadcrumb\":{\"@id\":\"https:\/\/arensburgantiik.ee\/item\/antique-pressure-gauge-from-divers-ship\/#breadcrumb\"},\"inLanguage\":\"et\",\"potentialAction\":[{\"@type\":\"ReadAction\",\"target\":[\"https:\/\/arensburgantiik.ee\/item\/antique-pressure-gauge-from-divers-ship\/\"]}]},{\"@type\":\"ImageObject\",\"inLanguage\":\"et\",\"@id\":\"https:\/\/arensburgantiik.ee\/item\/antique-pressure-gauge-from-divers-ship\/#primaryimage\",\"url\":\"https:\/\/arensburgantiik.ee\/wp-content\/uploads\/2026\/02\/IMG-20251126-WA0036.jpg\",\"contentUrl\":\"https:\/\/arensburgantiik.ee\/wp-content\/uploads\/2026\/02\/IMG-20251126-WA0036.jpg\",\"width\":1373,\"height\":1373},{\"@type\":\"BreadcrumbList\",\"@id\":\"https:\/\/arensburgantiik.ee\/item\/antique-pressure-gauge-from-divers-ship\/#breadcrumb\",\"itemListElement\":[{\"@type\":\"ListItem\",\"position\":1,\"name\":\"Home\",\"item\":\"https:\/\/arensburgantiik.ee\/\"},{\"@type\":\"ListItem\",\"position\":2,\"name\":\"Shop\",\"item\":\"https:\/\/arensburgantiik.ee\/shop\/\"},{\"@type\":\"ListItem\",\"position\":3,\"name\":\"Antique pressure gauge from dive ship,early 20thC\"}]},{\"@type\":\"WebSite\",\"@id\":\"https:\/\/arensburgantiik.ee\/#website\",\"url\":\"https:\/\/arensburgantiik.ee\/\",\"name\":\"Arensburg Antiik\",\"description\":\"The Antique Store in Kuressaare Old Town\",\"publisher\":{\"@id\":\"https:\/\/arensburgantiik.ee\/#organization\"},\"potentialAction\":[{\"@type\":\"SearchAction\",\"target\":{\"@type\":\"EntryPoint\",\"urlTemplate\":\"https:\/\/arensburgantiik.ee\/?s={search_term_string}\"},\"query-input\":{\"@type\":\"PropertyValueSpecification\",\"valueRequired\":true,\"valueName\":\"search_term_string\"}}],\"inLanguage\":\"et\"},{\"@type\":\"Organization\",\"@id\":\"https:\/\/arensburgantiik.ee\/#organization\",\"name\":\"Arensburg Antiik\",\"url\":\"https:\/\/arensburgantiik.ee\/\",\"logo\":{\"@type\":\"ImageObject\",\"inLanguage\":\"et\",\"@id\":\"https:\/\/arensburgantiik.ee\/#\/schema\/logo\/image\/\",\"url\":\"https:\/\/arensburgantiik.ee\/wp-content\/uploads\/2023\/12\/arensburg-1.png\",\"contentUrl\":\"https:\/\/arensburgantiik.ee\/wp-content\/uploads\/2023\/12\/arensburg-1.png\",\"width\":481,\"height\":113,\"caption\":\"Arensburg Antiik\"},\"image\":{\"@id\":\"https:\/\/arensburgantiik.ee\/#\/schema\/logo\/image\/\"}}]}<\/script>\n<!-- \/ Yoast SEO plugin. -->","yoast_head_json":{"title":"Antique pressure gauge from dive ship,early 20thC - Arensburg Antiik","robots":{"index":"index","follow":"follow","max-snippet":"max-snippet:-1","max-image-preview":"max-image-preview:large","max-video-preview":"max-video-preview:-1"},"canonical":"https:\/\/arensburgantiik.ee\/et\/item\/antique-pressure-gauge-from-divers-ship\/","og_locale":"et_EE","og_type":"article","og_title":"Antique pressure gauge from dive ship,early 20thC - Arensburg Antiik","og_description":"Antique pressure gauge from the Imperial Russian dive ship,early 20thC Size of the item 12,5 x 5 cm","og_url":"https:\/\/arensburgantiik.ee\/et\/item\/antique-pressure-gauge-from-divers-ship\/","og_site_name":"Arensburg Antiik","article_modified_time":"2026-02-18T09:06:11+00:00","og_image":[{"width":1373,"height":1373,"url":"https:\/\/arensburgantiik.ee\/wp-content\/uploads\/2026\/02\/IMG-20251126-WA0036.jpg","type":"image\/jpeg"}],"twitter_card":"summary_large_image","twitter_misc":{"Est. reading time":"1 minut"},"schema":{"@context":"https:\/\/schema.org","@graph":[{"@type":"WebPage","@id":"https:\/\/arensburgantiik.ee\/item\/antique-pressure-gauge-from-divers-ship\/","url":"https:\/\/arensburgantiik.ee\/item\/antique-pressure-gauge-from-divers-ship\/","name":"Antique pressure gauge from dive ship,early 20thC - Arensburg Antiik","isPartOf":{"@id":"https:\/\/arensburgantiik.ee\/#website"},"primaryImageOfPage":{"@id":"https:\/\/arensburgantiik.ee\/item\/antique-pressure-gauge-from-divers-ship\/#primaryimage"},"image":{"@id":"https:\/\/arensburgantiik.ee\/item\/antique-pressure-gauge-from-divers-ship\/#primaryimage"},"thumbnailUrl":"https:\/\/arensburgantiik.ee\/wp-content\/uploads\/2026\/02\/IMG-20251126-WA0036.jpg","datePublished":"2026-02-18T09:01:52+00:00","dateModified":"2026-02-18T09:06:11+00:00","breadcrumb":{"@id":"https:\/\/arensburgantiik.ee\/item\/antique-pressure-gauge-from-divers-ship\/#breadcrumb"},"inLanguage":"et","potentialAction":[{"@type":"ReadAction","target":["https:\/\/arensburgantiik.ee\/item\/antique-pressure-gauge-from-divers-ship\/"]}]},{"@type":"ImageObject","inLanguage":"et","@id":"https:\/\/arensburgantiik.ee\/item\/antique-pressure-gauge-from-divers-ship\/#primaryimage","url":"https:\/\/arensburgantiik.ee\/wp-content\/uploads\/2026\/02\/IMG-20251126-WA0036.jpg","contentUrl":"https:\/\/arensburgantiik.ee\/wp-content\/uploads\/2026\/02\/IMG-20251126-WA0036.jpg","width":1373,"height":1373},{"@type":"BreadcrumbList","@id":"https:\/\/arensburgantiik.ee\/item\/antique-pressure-gauge-from-divers-ship\/#breadcrumb","itemListElement":[{"@type":"ListItem","position":1,"name":"Home","item":"https:\/\/arensburgantiik.ee\/"},{"@type":"ListItem","position":2,"name":"Shop","item":"https:\/\/arensburgantiik.ee\/shop\/"},{"@type":"ListItem","position":3,"name":"Antique pressure gauge from dive ship,early 20thC"}]},{"@type":"WebSite","@id":"https:\/\/arensburgantiik.ee\/#website","url":"https:\/\/arensburgantiik.ee\/","name":"Arensburg Antiik","description":"The Antique Store in Kuressaare Old Town","publisher":{"@id":"https:\/\/arensburgantiik.ee\/#organization"},"potentialAction":[{"@type":"SearchAction","target":{"@type":"EntryPoint","urlTemplate":"https:\/\/arensburgantiik.ee\/?s={search_term_string}"},"query-input":{"@type":"PropertyValueSpecification","valueRequired":true,"valueName":"search_term_string"}}],"inLanguage":"et"},{"@type":"Organization","@id":"https:\/\/arensburgantiik.ee\/#organization","name":"Arensburg Antiik","url":"https:\/\/arensburgantiik.ee\/","logo":{"@type":"ImageObject","inLanguage":"et","@id":"https:\/\/arensburgantiik.ee\/#\/schema\/logo\/image\/","url":"https:\/\/arensburgantiik.ee\/wp-content\/uploads\/2023\/12\/arensburg-1.png","contentUrl":"https:\/\/arensburgantiik.ee\/wp-content\/uploads\/2023\/12\/arensburg-1.png","width":481,"height":113,"caption":"Arensburg Antiik"},"image":{"@id":"https:\/\/arensburgantiik.ee\/#\/schema\/logo\/image\/"}}]}},"_links":{"self":[{"href":"https:\/\/arensburgantiik.ee\/et\/wp-json\/wp\/v2\/product\/5367","targetHints":{"allow":["GET"]}}],"collection":[{"href":"https:\/\/arensburgantiik.ee\/et\/wp-json\/wp\/v2\/product"}],"about":[{"href":"https:\/\/arensburgantiik.ee\/et\/wp-json\/wp\/v2\/types\/product"}],"wp:featuredmedia":[{"embeddable":true,"href":"https:\/\/arensburgantiik.ee\/et\/wp-json\/wp\/v2\/media\/5368"}],"wp:attachment":[{"href":"https:\/\/arensburgantiik.ee\/et\/wp-json\/wp\/v2\/media?parent=5367"}],"wp:term":[{"taxonomy":"product_brand","embeddable":true,"href":"https:\/\/arensburgantiik.ee\/et\/wp-json\/wp\/v2\/product_brand?post=5367"},{"taxonomy":"product_cat","embeddable":true,"href":"https:\/\/arensburgantiik.ee\/et\/wp-json\/wp\/v2\/product_cat?post=5367"},{"taxonomy":"product_tag","embeddable":true,"href":"https:\/\/arensburgantiik.ee\/et\/wp-json\/wp\/v2\/product_tag?post=5367"}],"curies":[{"name":"wp","href":"https:\/\/api.w.org\/{rel}","templated":true}]}}